{"id":391,"date":"2021-05-05T10:54:52","date_gmt":"2021-05-05T07:54:52","guid":{"rendered":"https:\/\/translationunion.org\/?page_id=391"},"modified":"2021-05-07T11:14:14","modified_gmt":"2021-05-07T08:14:14","slug":"articles-of-association","status":"publish","type":"page","link":"https:\/\/translationunion.org\/fr\/articles-of-association\/","title":{"rendered":"Les statuts"},"content":{"rendered":"<div data-elementor-type=\"wp-page\" data-elementor-id=\"391\" class=\"elementor elementor-391\" data-elementor-post-type=\"page\">\n\t\t\t\t\t\t<section class=\"elementor-section elementor-top-section elementor-element elementor-element-d93e8b8 elementor-section-full_width elementor-section-height-default elementor-section-height-default\" data-id=\"d93e8b8\" data-element_type=\"section\" data-e-type=\"section\" data-settings=\"{&quot;background_background&quot;:&quot;classic&quot;}\">\n\t\t\t\t\t\t\t<div class=\"elementor-background-overlay\"><\/div>\n\t\t\t\t\t\t\t<div class=\"elementor-container elementor-column-gap-default\">\n\t\t\t\t\t<div class=\"elementor-column elementor-col-100 elementor-top-column elementor-element elementor-element-138398a\" data-id=\"138398a\" data-element_type=\"column\" data-e-type=\"column\" data-settings=\"{&quot;background_background&quot;:&quot;classic&quot;}\">\n\t\t\t<div class=\"elementor-widget-wrap elementor-element-populated\">\n\t\t\t\t\t\t<div class=\"elementor-element elementor-element-a04996d elementor-align-center elementor-icon-list--layout-traditional elementor-list-item-link-full_width elementor-widget elementor-widget-icon-list\" data-id=\"a04996d\" data-element_type=\"widget\" data-e-type=\"widget\" data-widget_type=\"icon-list.default\">\n\t\t\t\t<div class=\"elementor-widget-container\">\n\t\t\t\t\t\t\t<ul class=\"elementor-icon-list-items\">\n\t\t\t\t\t\t\t<li class=\"elementor-icon-list-item\">\n\t\t\t\t\t\t\t\t\t\t<span class=\"elementor-icon-list-text\">Les statuts<\/span>\n\t\t\t\t\t\t\t\t\t<\/li>\n\t\t\t\t\t\t<\/ul>\n\t\t\t\t\t\t<\/div>\n\t\t\t\t<\/div>\n\t\t\t\t\t<\/div>\n\t\t<\/div>\n\t\t\t\t\t<\/div>\n\t\t<\/section>\n\t\t\t\t<section class=\"elementor-section elementor-top-section elementor-element elementor-element-89d7f17 elementor-section-boxed elementor-section-height-default elementor-section-height-default\" data-id=\"89d7f17\" data-element_type=\"section\" data-e-type=\"section\" data-settings=\"{&quot;background_background&quot;:&quot;classic&quot;}\">\n\t\t\t\t\t\t\t<div class=\"elementor-background-overlay\"><\/div>\n\t\t\t\t\t\t\t<div class=\"elementor-container elementor-column-gap-default\">\n\t\t\t\t\t<div class=\"elementor-column elementor-col-100 elementor-top-column elementor-element elementor-element-611c88f\" data-id=\"611c88f\" data-element_type=\"column\" data-e-type=\"column\" data-settings=\"{&quot;background_background&quot;:&quot;classic&quot;}\">\n\t\t\t<div class=\"elementor-widget-wrap elementor-element-populated\">\n\t\t\t\t\t\t<div class=\"elementor-element elementor-element-0564a9d elementor-widget elementor-widget-text-editor\" data-id=\"0564a9d\" data-element_type=\"widget\" data-e-type=\"widget\" data-widget_type=\"text-editor.default\">\n\t\t\t\t<div class=\"elementor-widget-container\">\n\t\t\t\t\t\t\t\t\t<p><strong>Les statuts<\/strong>\u00a0Les statuts constituent une r\u00e9f\u00e9rence juridique qui prouve l'identit\u00e9 de l'Union, r\u00e9git les relations entre ses membres et en d\u00e9finit les droits et les devoirs. Lesdits statuts seront pr\u00e9sent\u00e9s lors de la r\u00e9union de l'Assembl\u00e9e g\u00e9n\u00e9rale pr\u00e9vue dans le cadre des activit\u00e9s de la Conf\u00e9rence internationale des langues et de la traduction. L'Assembl\u00e9e G\u00e9n\u00e9rale discutera d'\u00e9ventuels amendements ou remarques et approuvera les statuts afin d'\u00eatre adopt\u00e9s lors des \u00e9lections.<\/p>\t\t\t\t\t\t\t\t<\/div>\n\t\t\t\t<\/div>\n\t\t\t\t\t<\/div>\n\t\t<\/div>\n\t\t\t\t\t<\/div>\n\t\t<\/section>\n\t\t\t\t<\/div>","protected":false},"excerpt":{"rendered":"<p>Articles of Association Articles of Association\u00a0are the legal reference that proves the identity of the Union, regulates the relationship between its members and defines the rights and duties thereof. Said Articles of Association shall be presented at the meeting of the General Assembly scheduled within the activities of the International Conference of Languages and Translation. [&hellip;]<\/p>\n","protected":false},"author":1,"featured_media":0,"parent":0,"menu_order":0,"comment_status":"closed","ping_status":"closed","template":"elementor_header_footer","meta":{"footnotes":""},"class_list":["post-391","page","type-page","status-publish","hentry","entry"],"_links":{"self":[{"href":"https:\/\/translationunion.org\/fr\/wp-json\/wp\/v2\/pages\/391","targetHints":{"allow":["GET"]}}],"collection":[{"href":"https:\/\/translationunion.org\/fr\/wp-json\/wp\/v2\/pages"}],"about":[{"href":"https:\/\/translationunion.org\/fr\/wp-json\/wp\/v2\/types\/page"}],"author":[{"embeddable":true,"href":"https:\/\/translationunion.org\/fr\/wp-json\/wp\/v2\/users\/1"}],"replies":[{"embeddable":true,"href":"https:\/\/translationunion.org\/fr\/wp-json\/wp\/v2\/comments?post=391"}],"version-history":[{"count":4,"href":"https:\/\/translationunion.org\/fr\/wp-json\/wp\/v2\/pages\/391\/revisions"}],"predecessor-version":[{"id":563,"href":"https:\/\/translationunion.org\/fr\/wp-json\/wp\/v2\/pages\/391\/revisions\/563"}],"wp:attachment":[{"href":"https:\/\/translationunion.org\/fr\/wp-json\/wp\/v2\/media?parent=391"}],"curies":[{"name":"wp","href":"https:\/\/api.w.org\/{rel}","templated":true}]}}