{"id":257,"date":"2021-05-04T14:59:36","date_gmt":"2021-05-04T11:59:36","guid":{"rendered":"https:\/\/translationunion.org\/?page_id=257"},"modified":"2021-05-05T12:53:38","modified_gmt":"2021-05-05T09:53:38","slug":"legal-and-intellectual-liabilities","status":"publish","type":"page","link":"https:\/\/translationunion.org\/fr\/legal-and-intellectual-liabilities\/","title":{"rendered":"Responsabilit\u00e9 juridique et intellectuelle"},"content":{"rendered":"<div data-elementor-type=\"wp-page\" data-elementor-id=\"257\" class=\"elementor elementor-257\" data-elementor-post-type=\"page\">\n\t\t\t\t\t\t<section class=\"elementor-section elementor-top-section elementor-element elementor-element-9649371 elementor-section-full_width elementor-section-height-default elementor-section-height-default\" data-id=\"9649371\" data-element_type=\"section\" data-e-type=\"section\" data-settings=\"{&quot;background_background&quot;:&quot;classic&quot;}\">\n\t\t\t\t\t\t\t<div class=\"elementor-background-overlay\"><\/div>\n\t\t\t\t\t\t\t<div class=\"elementor-container elementor-column-gap-default\">\n\t\t\t\t\t<div class=\"elementor-column elementor-col-100 elementor-top-column elementor-element elementor-element-f1f06b6\" data-id=\"f1f06b6\" data-element_type=\"column\" data-e-type=\"column\" data-settings=\"{&quot;background_background&quot;:&quot;classic&quot;}\">\n\t\t\t<div class=\"elementor-widget-wrap elementor-element-populated\">\n\t\t\t\t\t\t<div class=\"elementor-element elementor-element-2196968 elementor-align-center elementor-icon-list--layout-traditional elementor-list-item-link-full_width elementor-widget elementor-widget-icon-list\" data-id=\"2196968\" data-element_type=\"widget\" data-e-type=\"widget\" data-widget_type=\"icon-list.default\">\n\t\t\t\t<div class=\"elementor-widget-container\">\n\t\t\t\t\t\t\t<ul class=\"elementor-icon-list-items\">\n\t\t\t\t\t\t\t<li class=\"elementor-icon-list-item\">\n\t\t\t\t\t\t\t\t\t\t<span class=\"elementor-icon-list-text\">Responsabilit\u00e9 juridique et intellectuelle<\/span>\n\t\t\t\t\t\t\t\t\t<\/li>\n\t\t\t\t\t\t<\/ul>\n\t\t\t\t\t\t<\/div>\n\t\t\t\t<\/div>\n\t\t\t\t\t<\/div>\n\t\t<\/div>\n\t\t\t\t\t<\/div>\n\t\t<\/section>\n\t\t\t\t<section class=\"elementor-section elementor-top-section elementor-element elementor-element-c507e11 elementor-section-boxed elementor-section-height-default elementor-section-height-default\" data-id=\"c507e11\" data-element_type=\"section\" data-e-type=\"section\" data-settings=\"{&quot;background_background&quot;:&quot;classic&quot;}\">\n\t\t\t\t\t\t\t<div class=\"elementor-background-overlay\"><\/div>\n\t\t\t\t\t\t\t<div class=\"elementor-container elementor-column-gap-default\">\n\t\t\t\t\t<div class=\"elementor-column elementor-col-100 elementor-top-column elementor-element elementor-element-6930df8\" data-id=\"6930df8\" data-element_type=\"column\" data-e-type=\"column\" data-settings=\"{&quot;background_background&quot;:&quot;classic&quot;}\">\n\t\t\t<div class=\"elementor-widget-wrap elementor-element-populated\">\n\t\t\t\t\t\t<div class=\"elementor-element elementor-element-44c360d elementor-widget elementor-widget-text-editor\" data-id=\"44c360d\" data-element_type=\"widget\" data-e-type=\"widget\" data-widget_type=\"text-editor.default\">\n\t\t\t\t<div class=\"elementor-widget-container\">\n\t\t\t\t\t\t\t\t\t<ul><li><p>Le chercheur ou l'institution assume l'enti\u00e8re responsabilit\u00e9 juridique, mat\u00e9rielle, financi\u00e8re et intellectuelle du contenu de leurs recherches, feuilles de travail, projets et initiatives soumis \u00e0 la Conf\u00e9rence. La Conf\u00e9rence ou toute autre partie li\u00e9e \u00e0 celle-ci n'a aucune responsabilit\u00e9 juridique, mat\u00e9rielle, financi\u00e8re, intellectuelle ou la propri\u00e9t\u00e9 du projet de recherche.<\/p><ol><li>La conf\u00e9rence donne l'occasion aux chercheurs et aux institutions de pr\u00e9senter les documents de travail \u00e0 leur fa\u00e7on afin d'en faciliter la discussion par les chercheurs et les participants \u00e0 la conf\u00e9rence.<\/li><li>La conf\u00e9rence a le droit de publier les projets de recherche dans le livre de la conf\u00e9rence sous forme papier ou \u00e9lectronique.<\/li><li>La conf\u00e9rence a, si cela s\u2019av\u00e8re n\u00e9cessaire, le droit de publier les projets de recherche dans les livres sp\u00e9cialis\u00e9s, de les commercialiser et de les vendre afin de r\u00e9aliser des b\u00e9n\u00e9fices.<\/li><li>En cas d'absence, la Conf\u00e9rence annule le projet de recherche du candidat absent \u00e0 la fin de la session. Ledit projet ne sera pas consid\u00e9r\u00e9 soumis \u00e0 la conf\u00e9rence m\u00eame s'il a \u00e9t\u00e9 imprim\u00e9 ou publi\u00e9 dans l'ordre du jour de la conf\u00e9rence.<\/li><\/ol><\/li><\/ul>\t\t\t\t\t\t\t\t<\/div>\n\t\t\t\t<\/div>\n\t\t\t\t\t<\/div>\n\t\t<\/div>\n\t\t\t\t\t<\/div>\n\t\t<\/section>\n\t\t\t\t<\/div>","protected":false},"excerpt":{"rendered":"<p>Legal and Intellectual Liabilities The researcher or institution shall bear full legal, material, financial and intellectual liabilities for the content of their research paper, worksheet, projects and initiatives submitted to the International Conference on Translation. The Conference or any related party thereto has no legal, material, financial, intellectual liability for the research submitted by the [&hellip;]<\/p>\n","protected":false},"author":1,"featured_media":0,"parent":0,"menu_order":0,"comment_status":"closed","ping_status":"closed","template":"elementor_header_footer","meta":{"footnotes":""},"class_list":["post-257","page","type-page","status-publish","hentry","entry"],"_links":{"self":[{"href":"https:\/\/translationunion.org\/fr\/wp-json\/wp\/v2\/pages\/257","targetHints":{"allow":["GET"]}}],"collection":[{"href":"https:\/\/translationunion.org\/fr\/wp-json\/wp\/v2\/pages"}],"about":[{"href":"https:\/\/translationunion.org\/fr\/wp-json\/wp\/v2\/types\/page"}],"author":[{"embeddable":true,"href":"https:\/\/translationunion.org\/fr\/wp-json\/wp\/v2\/users\/1"}],"replies":[{"embeddable":true,"href":"https:\/\/translationunion.org\/fr\/wp-json\/wp\/v2\/comments?post=257"}],"version-history":[{"count":4,"href":"https:\/\/translationunion.org\/fr\/wp-json\/wp\/v2\/pages\/257\/revisions"}],"predecessor-version":[{"id":462,"href":"https:\/\/translationunion.org\/fr\/wp-json\/wp\/v2\/pages\/257\/revisions\/462"}],"wp:attachment":[{"href":"https:\/\/translationunion.org\/fr\/wp-json\/wp\/v2\/media?parent=257"}],"curies":[{"name":"wp","href":"https:\/\/api.w.org\/{rel}","templated":true}]}}