{"id":252,"date":"2021-05-04T14:59:16","date_gmt":"2021-05-04T11:59:16","guid":{"rendered":"https:\/\/translationunion.org\/?page_id=252"},"modified":"2021-05-05T12:52:43","modified_gmt":"2021-05-05T09:52:43","slug":"procedures-of-research-submission","status":"publish","type":"page","link":"https:\/\/translationunion.org\/fr\/procedures-of-research-submission\/","title":{"rendered":"Proc\u00e9dures de pr\u00e9sentation du projet de recherche"},"content":{"rendered":"<div data-elementor-type=\"wp-page\" data-elementor-id=\"252\" class=\"elementor elementor-252\" data-elementor-post-type=\"page\">\n\t\t\t\t\t\t<section class=\"elementor-section elementor-top-section elementor-element elementor-element-ad9848b elementor-section-full_width elementor-section-height-default elementor-section-height-default\" data-id=\"ad9848b\" data-element_type=\"section\" data-e-type=\"section\" data-settings=\"{&quot;background_background&quot;:&quot;classic&quot;}\">\n\t\t\t\t\t\t\t<div class=\"elementor-background-overlay\"><\/div>\n\t\t\t\t\t\t\t<div class=\"elementor-container elementor-column-gap-default\">\n\t\t\t\t\t<div class=\"elementor-column elementor-col-100 elementor-top-column elementor-element elementor-element-227db12\" data-id=\"227db12\" data-element_type=\"column\" data-e-type=\"column\" data-settings=\"{&quot;background_background&quot;:&quot;classic&quot;}\">\n\t\t\t<div class=\"elementor-widget-wrap elementor-element-populated\">\n\t\t\t\t\t\t<div class=\"elementor-element elementor-element-a0ed7e5 elementor-align-center elementor-icon-list--layout-traditional elementor-list-item-link-full_width elementor-widget elementor-widget-icon-list\" data-id=\"a0ed7e5\" data-element_type=\"widget\" data-e-type=\"widget\" data-widget_type=\"icon-list.default\">\n\t\t\t\t<div class=\"elementor-widget-container\">\n\t\t\t\t\t\t\t<ul class=\"elementor-icon-list-items\">\n\t\t\t\t\t\t\t<li class=\"elementor-icon-list-item\">\n\t\t\t\t\t\t\t\t\t\t<span class=\"elementor-icon-list-text\">Proc\u00e9dures de pr\u00e9sentation du projet de recherche<\/span>\n\t\t\t\t\t\t\t\t\t<\/li>\n\t\t\t\t\t\t<\/ul>\n\t\t\t\t\t\t<\/div>\n\t\t\t\t<\/div>\n\t\t\t\t\t<\/div>\n\t\t<\/div>\n\t\t\t\t\t<\/div>\n\t\t<\/section>\n\t\t\t\t<section class=\"elementor-section elementor-top-section elementor-element elementor-element-dee897d elementor-section-boxed elementor-section-height-default elementor-section-height-default\" data-id=\"dee897d\" data-element_type=\"section\" data-e-type=\"section\" data-settings=\"{&quot;background_background&quot;:&quot;classic&quot;}\">\n\t\t\t\t\t\t\t<div class=\"elementor-background-overlay\"><\/div>\n\t\t\t\t\t\t\t<div class=\"elementor-container elementor-column-gap-default\">\n\t\t\t\t\t<div class=\"elementor-column elementor-col-100 elementor-top-column elementor-element elementor-element-498c680\" data-id=\"498c680\" data-element_type=\"column\" data-e-type=\"column\" data-settings=\"{&quot;background_background&quot;:&quot;classic&quot;}\">\n\t\t\t<div class=\"elementor-widget-wrap elementor-element-populated\">\n\t\t\t\t\t\t<div class=\"elementor-element elementor-element-5061b15 elementor-widget elementor-widget-text-editor\" data-id=\"5061b15\" data-element_type=\"widget\" data-e-type=\"widget\" data-widget_type=\"text-editor.default\">\n\t\t\t\t<div class=\"elementor-widget-container\">\n\t\t\t\t\t\t\t\t\t<ul><li>Le projet de recherche doit \u00eatre exempt de fautes de langue.<\/li><li>Afin d'\u00eatre \u00e9valu\u00e9s et inscrits \u00e0 l'ordre du jour de la conf\u00e9rence, les documents de recherche et de travail doivent \u00eatre soumis avant la date limite indiqu\u00e9e.<\/li><li>La recherche ne doit pas d\u00e9passer les 15 pages avec une taille de police (14).<\/li><li>Les recherches doivent respecter la m\u00e9thode scientifique ainsi que les instructions \u00e9nonc\u00e9es dans les \u00ab Proc\u00e9dures de participation \u00e0 un projet de recherche de travail \u00bb.<\/li><li>Les r\u00e9f\u00e9rences doivent \u00eatre ajout\u00e9es \u00e0 la fin du projet de recherche.<\/li><li>Les projets de recherche seront envoy\u00e9s sur le site Web de la Conf\u00e9rence.<\/li><li>Les projets de recherche sont soumis \u00e0 l'\u00e9valuation du comit\u00e9 scientifique de la Conf\u00e9rence.<\/li><li>Afin d'\u00eatre \u00e9valu\u00e9s et inscrits \u00e0 l'ordre du jour de la conf\u00e9rence, les documents de recherche et de travail doivent \u00eatre soumis avant la date limite indiqu\u00e9e.<\/li><li>Tous les projets de recherche peuvent \u00eatre annul\u00e9s \u00e0 moins que les chercheurs assistent \u00e0 la conf\u00e9rence et pr\u00e9sentent leurs documents de travail.<\/li><li>\u00c0 la fin de la conf\u00e9rence, le chercheur re\u00e7oit un certificat de pr\u00e9sence et de participation.<\/li><\/ul>\t\t\t\t\t\t\t\t<\/div>\n\t\t\t\t<\/div>\n\t\t\t\t\t<\/div>\n\t\t<\/div>\n\t\t\t\t\t<\/div>\n\t\t<\/section>\n\t\t\t\t<\/div>","protected":false},"excerpt":{"rendered":"<p>Procedures of Research Submission Research papers shall be free of language mistakes. In order to be evaluated and added to the conference agenda, research and working papers shall be submitted by the stated deadline. The research paper shall not exceed 15 pages with font size (14). Research papers and studies shall respect the scientific method [&hellip;]<\/p>\n","protected":false},"author":1,"featured_media":0,"parent":0,"menu_order":0,"comment_status":"closed","ping_status":"closed","template":"elementor_header_footer","meta":{"footnotes":""},"class_list":["post-252","page","type-page","status-publish","hentry","entry"],"_links":{"self":[{"href":"https:\/\/translationunion.org\/fr\/wp-json\/wp\/v2\/pages\/252","targetHints":{"allow":["GET"]}}],"collection":[{"href":"https:\/\/translationunion.org\/fr\/wp-json\/wp\/v2\/pages"}],"about":[{"href":"https:\/\/translationunion.org\/fr\/wp-json\/wp\/v2\/types\/page"}],"author":[{"embeddable":true,"href":"https:\/\/translationunion.org\/fr\/wp-json\/wp\/v2\/users\/1"}],"replies":[{"embeddable":true,"href":"https:\/\/translationunion.org\/fr\/wp-json\/wp\/v2\/comments?post=252"}],"version-history":[{"count":4,"href":"https:\/\/translationunion.org\/fr\/wp-json\/wp\/v2\/pages\/252\/revisions"}],"predecessor-version":[{"id":459,"href":"https:\/\/translationunion.org\/fr\/wp-json\/wp\/v2\/pages\/252\/revisions\/459"}],"wp:attachment":[{"href":"https:\/\/translationunion.org\/fr\/wp-json\/wp\/v2\/media?parent=252"}],"curies":[{"name":"wp","href":"https:\/\/api.w.org\/{rel}","templated":true}]}}