{"id":247,"date":"2021-05-04T14:59:01","date_gmt":"2021-05-04T11:59:01","guid":{"rendered":"https:\/\/translationunion.org\/?page_id=247"},"modified":"2021-05-05T12:51:46","modified_gmt":"2021-05-05T09:51:46","slug":"procedures-of-abstracts-submission","status":"publish","type":"page","link":"https:\/\/translationunion.org\/fr\/procedures-of-abstracts-submission\/","title":{"rendered":"Proc\u00e9dures de pr\u00e9sentation des r\u00e9sum\u00e9s"},"content":{"rendered":"<div data-elementor-type=\"wp-page\" data-elementor-id=\"247\" class=\"elementor elementor-247\" data-elementor-post-type=\"page\">\n\t\t\t\t\t\t<section class=\"elementor-section elementor-top-section elementor-element elementor-element-f602298 elementor-section-full_width elementor-section-height-default elementor-section-height-default\" data-id=\"f602298\" data-element_type=\"section\" data-e-type=\"section\" data-settings=\"{&quot;background_background&quot;:&quot;classic&quot;}\">\n\t\t\t\t\t\t\t<div class=\"elementor-background-overlay\"><\/div>\n\t\t\t\t\t\t\t<div class=\"elementor-container elementor-column-gap-default\">\n\t\t\t\t\t<div class=\"elementor-column elementor-col-100 elementor-top-column elementor-element elementor-element-6e43721\" data-id=\"6e43721\" data-element_type=\"column\" data-e-type=\"column\" data-settings=\"{&quot;background_background&quot;:&quot;classic&quot;}\">\n\t\t\t<div class=\"elementor-widget-wrap elementor-element-populated\">\n\t\t\t\t\t\t<div class=\"elementor-element elementor-element-9d07a80 elementor-align-center elementor-icon-list--layout-traditional elementor-list-item-link-full_width elementor-widget elementor-widget-icon-list\" data-id=\"9d07a80\" data-element_type=\"widget\" data-e-type=\"widget\" data-widget_type=\"icon-list.default\">\n\t\t\t\t<div class=\"elementor-widget-container\">\n\t\t\t\t\t\t\t<ul class=\"elementor-icon-list-items\">\n\t\t\t\t\t\t\t<li class=\"elementor-icon-list-item\">\n\t\t\t\t\t\t\t\t\t\t<span class=\"elementor-icon-list-text\">Proc\u00e9dures de pr\u00e9sentation des r\u00e9sum\u00e9s<\/span>\n\t\t\t\t\t\t\t\t\t<\/li>\n\t\t\t\t\t\t<\/ul>\n\t\t\t\t\t\t<\/div>\n\t\t\t\t<\/div>\n\t\t\t\t\t<\/div>\n\t\t<\/div>\n\t\t\t\t\t<\/div>\n\t\t<\/section>\n\t\t\t\t<section class=\"elementor-section elementor-top-section elementor-element elementor-element-b773875 elementor-section-boxed elementor-section-height-default elementor-section-height-default\" data-id=\"b773875\" data-element_type=\"section\" data-e-type=\"section\" data-settings=\"{&quot;background_background&quot;:&quot;classic&quot;}\">\n\t\t\t\t\t\t\t<div class=\"elementor-background-overlay\"><\/div>\n\t\t\t\t\t\t\t<div class=\"elementor-container elementor-column-gap-default\">\n\t\t\t\t\t<div class=\"elementor-column elementor-col-100 elementor-top-column elementor-element elementor-element-9d8a7b5\" data-id=\"9d8a7b5\" data-element_type=\"column\" data-e-type=\"column\" data-settings=\"{&quot;background_background&quot;:&quot;classic&quot;}\">\n\t\t\t<div class=\"elementor-widget-wrap elementor-element-populated\">\n\t\t\t\t\t\t<div class=\"elementor-element elementor-element-8bc9e55 elementor-widget elementor-widget-text-editor\" data-id=\"8bc9e55\" data-element_type=\"widget\" data-e-type=\"widget\" data-widget_type=\"text-editor.default\">\n\t\t\t\t<div class=\"elementor-widget-container\">\n\t\t\t\t\t\t\t\t\t<ol><li>Le chercheur, apr\u00e8s avoir choisi et compris le sujet de recherche, veille \u00e0 ce que :<\/li><\/ol><ul><li>Le sujet de recherche soit en rapport avec les langues et la traduction.<\/li><li>Le chercheur identifie le sujet ou la probl\u00e9matique \u00e0 traiter.<\/li><li>Le chercheur r\u00e9dige une introduction expliquant le sujet de son projet de recherche.<\/li><li>Le chercheur d\u00e9termine les objectifs ou la probl\u00e9matique de la recherche ;<\/li><li>La m\u00e9thode scientifique adopt\u00e9e dans la recherche ;<\/li><li>et les outils utilis\u00e9s dans leurs recherches.<\/li><li>Le chercheur explique la m\u00e9thode d'analyse ou de pr\u00e9sentation du sujet.<\/li><li>Le chercheur fournisse \u00e0 la conf\u00e9rence un aper\u00e7u des r\u00e9sultats de la recherche ou des recommandations.<\/li><\/ul><ol start=\"2\"><li>Le chercheur doit \u00e9galement respecter le nombre de mots requis et la taille de police (14) ;<\/li><li>R\u00e9viser le r\u00e9sum\u00e9 ;<\/li><li>Respecter la date limite de pr\u00e9sentation des r\u00e9sum\u00e9s ;<\/li><li>et soumettre ledit r\u00e9sum\u00e9 \u00e0 l'administration de la conf\u00e9rence via le mod\u00e8le de participation en ligne sur le site Web de la conf\u00e9rence.<\/li><\/ol><ul><li><ul><li>Le chercheur recevra un courriel confirmant la r\u00e9ception de son r\u00e9sum\u00e9. Si ce n'est pas le cas, veuillez contacter la conf\u00e9rence pour obtenir de plus amples informations.<\/li><li>La Conf\u00e9rence tente de lier les langues et la traduction \u00e0 diff\u00e9rentes disciplines et professions afin d'am\u00e9liorer la prise de d\u00e9cision et servir les politiques qui reforment le statut des langues et de la traduction au niveau individuel, institutionnel et \u00e9tatique dans ses institutions.<\/li><li>Veuillez profiter du mod\u00e8le de r\u00e9sum\u00e9 pour r\u00e9diger votre propre r\u00e9sum\u00e9 de recherche.<\/li><\/ul><\/li><\/ul>\t\t\t\t\t\t\t\t<\/div>\n\t\t\t\t<\/div>\n\t\t\t\t\t<\/div>\n\t\t<\/div>\n\t\t\t\t\t<\/div>\n\t\t<\/section>\n\t\t\t\t<\/div>","protected":false},"excerpt":{"rendered":"<p>Procedures of Abstracts Submission The researcher shall, after choosing and understanding the research topic, ensure that: The research topic is related to languages and translation. The researcher identifies the topic or issue to be presented at the conference. The researcher writes an introduction explaining the topic of their research paper. The researcher determines the objectives [&hellip;]<\/p>\n","protected":false},"author":1,"featured_media":0,"parent":0,"menu_order":0,"comment_status":"closed","ping_status":"closed","template":"elementor_header_footer","meta":{"footnotes":""},"class_list":["post-247","page","type-page","status-publish","hentry","entry"],"_links":{"self":[{"href":"https:\/\/translationunion.org\/fr\/wp-json\/wp\/v2\/pages\/247","targetHints":{"allow":["GET"]}}],"collection":[{"href":"https:\/\/translationunion.org\/fr\/wp-json\/wp\/v2\/pages"}],"about":[{"href":"https:\/\/translationunion.org\/fr\/wp-json\/wp\/v2\/types\/page"}],"author":[{"embeddable":true,"href":"https:\/\/translationunion.org\/fr\/wp-json\/wp\/v2\/users\/1"}],"replies":[{"embeddable":true,"href":"https:\/\/translationunion.org\/fr\/wp-json\/wp\/v2\/comments?post=247"}],"version-history":[{"count":4,"href":"https:\/\/translationunion.org\/fr\/wp-json\/wp\/v2\/pages\/247\/revisions"}],"predecessor-version":[{"id":456,"href":"https:\/\/translationunion.org\/fr\/wp-json\/wp\/v2\/pages\/247\/revisions\/456"}],"wp:attachment":[{"href":"https:\/\/translationunion.org\/fr\/wp-json\/wp\/v2\/media?parent=247"}],"curies":[{"name":"wp","href":"https:\/\/api.w.org\/{rel}","templated":true}]}}