{"id":232,"date":"2021-05-04T14:58:01","date_gmt":"2021-05-04T11:58:01","guid":{"rendered":"https:\/\/translationunion.org\/?page_id=232"},"modified":"2021-05-05T12:47:21","modified_gmt":"2021-05-05T09:47:21","slug":"honoring-distinguished-research-papers","status":"publish","type":"page","link":"https:\/\/translationunion.org\/fr\/honoring-distinguished-research-papers\/","title":{"rendered":"Prix d\u2019honneur pour les projets de recherche distingu\u00e9s"},"content":{"rendered":"<div data-elementor-type=\"wp-page\" data-elementor-id=\"232\" class=\"elementor elementor-232\" data-elementor-post-type=\"page\">\n\t\t\t\t\t\t<section class=\"elementor-section elementor-top-section elementor-element elementor-element-e95f1ef elementor-section-full_width elementor-section-height-default elementor-section-height-default\" data-id=\"e95f1ef\" data-element_type=\"section\" data-e-type=\"section\" data-settings=\"{&quot;background_background&quot;:&quot;classic&quot;}\">\n\t\t\t\t\t\t\t<div class=\"elementor-background-overlay\"><\/div>\n\t\t\t\t\t\t\t<div class=\"elementor-container elementor-column-gap-default\">\n\t\t\t\t\t<div class=\"elementor-column elementor-col-100 elementor-top-column elementor-element elementor-element-fc1878a\" data-id=\"fc1878a\" data-element_type=\"column\" data-e-type=\"column\" data-settings=\"{&quot;background_background&quot;:&quot;classic&quot;}\">\n\t\t\t<div class=\"elementor-widget-wrap elementor-element-populated\">\n\t\t\t\t\t\t<div class=\"elementor-element elementor-element-5a6dd69 elementor-align-center elementor-icon-list--layout-traditional elementor-list-item-link-full_width elementor-widget elementor-widget-icon-list\" data-id=\"5a6dd69\" data-element_type=\"widget\" data-e-type=\"widget\" data-widget_type=\"icon-list.default\">\n\t\t\t\t<div class=\"elementor-widget-container\">\n\t\t\t\t\t\t\t<ul class=\"elementor-icon-list-items\">\n\t\t\t\t\t\t\t<li class=\"elementor-icon-list-item\">\n\t\t\t\t\t\t\t\t\t\t<span class=\"elementor-icon-list-text\">Prix d\u2019honneur pour les projets de recherche distingu\u00e9s<\/span>\n\t\t\t\t\t\t\t\t\t<\/li>\n\t\t\t\t\t\t<\/ul>\n\t\t\t\t\t\t<\/div>\n\t\t\t\t<\/div>\n\t\t\t\t\t<\/div>\n\t\t<\/div>\n\t\t\t\t\t<\/div>\n\t\t<\/section>\n\t\t\t\t<section class=\"elementor-section elementor-top-section elementor-element elementor-element-a64a1dc elementor-section-boxed elementor-section-height-default elementor-section-height-default\" data-id=\"a64a1dc\" data-element_type=\"section\" data-e-type=\"section\" data-settings=\"{&quot;background_background&quot;:&quot;classic&quot;}\">\n\t\t\t\t\t\t\t<div class=\"elementor-background-overlay\"><\/div>\n\t\t\t\t\t\t\t<div class=\"elementor-container elementor-column-gap-default\">\n\t\t\t\t\t<div class=\"elementor-column elementor-col-100 elementor-top-column elementor-element elementor-element-28a62f2\" data-id=\"28a62f2\" data-element_type=\"column\" data-e-type=\"column\" data-settings=\"{&quot;background_background&quot;:&quot;classic&quot;}\">\n\t\t\t<div class=\"elementor-widget-wrap elementor-element-populated\">\n\t\t\t\t\t\t<div class=\"elementor-element elementor-element-d98941d elementor-widget elementor-widget-text-editor\" data-id=\"d98941d\" data-element_type=\"widget\" data-e-type=\"widget\" data-widget_type=\"text-editor.default\">\n\t\t\t\t<div class=\"elementor-widget-container\">\n\t\t\t\t\t\t\t\t\t<p><strong>L\u2019objectif des prix d\u2019honneur<\/strong><\/p><p><strong><u>La conf\u00e9rence honore les projets de recherche distinguer dans le but de r\u00e9aliser les objectifs suivants :<\/u><\/strong><\/p><ul><li>Encourager les chercheurs et cr\u00e9er une comp\u00e9tition scientifique entre eux, afin de les inciter \u00e0 pr\u00e9senter des recherches scientifiques.<\/li><li>\u00c9tudier des sujets  li\u00e9s \u00e0 la traduction multilingue et sp\u00e9cialis\u00e9e.<\/li><li>D\u00e9velopper des m\u00e9canismes et des programmes de langues et de traduction, identifier les d\u00e9fis auxquels sont confront\u00e9s les traducteurs et proposer des solutions appropri\u00e9es.<\/li><li>Am\u00e9liorer la p\u00e9dagogie des langues et de la traduction dans les universit\u00e9s.<\/li><li>Promouvoir les langues et la traduction dans divers domaines dont la science, le savoir, les professions, les technologies, les industries modernes, le commerce et d'autres domaines vitaux.<\/li><li>Am\u00e9liorer la qualit\u00e9 dans le domaine des langues et de la traduction.<\/li><li>Le fait d\u2019honorer vise \u00e9galement \u00e0 encourager l'innovation, le d\u00e9veloppement et la modernisation dans le domaine des langues et de la traduction gr\u00e2ce \u00e0 des recherches modernes qui augmentent la productivit\u00e9 des linguistes et des traducteurs de et vers la langue nationale.<\/li><\/ul><p><strong>L\u2019\u00e9valuation<\/strong><\/p><ul><li>Toutes les recherches, \u00e9tudes, documents de travail et projets soumis pour discussion lors de la Conf\u00e9rence font l'objet d'une \u00e9valuation pr\u00e9alable.<\/li><li>Les recherches et documents de travail soumis \u00e0 la conf\u00e9rence sont class\u00e9s selon leurs th\u00e8mes.<\/li><li>Avant leur \u00e9valuation, les projets de recherche font l'objet d'une deuxi\u00e8me classification par les experts conform\u00e9ment aux normes et directives internes.<\/li><li>Les projets de recherche sont choisis en fonction du meilleur score, puis envoy\u00e9s aux juges externes accr\u00e9dit\u00e9s par la Conf\u00e9rence.<\/li><li>Suite \u00e0 leur retour des juges ind\u00e9pendants, les rapports seront \u00e9valu\u00e9s et soumis au Comit\u00e9 d\u2019honneurs afin de choisir les projets de recherche distingu\u00e9s.<\/li><\/ul><p><strong>Les prix d\u2019honneur<\/strong><\/p><p>Lors de la c\u00e9r\u00e9monie de cl\u00f4ture, la conf\u00e9rence honore les dix meilleurs projets de recherche et les laur\u00e9ats re\u00e7oivent un certificat d'excellence. Une r\u00e9compense financi\u00e8re pourrait \u00eatre accord\u00e9e s'il y ait un sponsor pour ce prix de valeur.<\/p>\t\t\t\t\t\t\t\t<\/div>\n\t\t\t\t<\/div>\n\t\t\t\t\t<\/div>\n\t\t<\/div>\n\t\t\t\t\t<\/div>\n\t\t<\/section>\n\t\t\t\t<\/div>","protected":false},"excerpt":{"rendered":"<p>Honoring distinguished research papers The Goal of Honoring Honoring distinguished research at the International Conference of Translation aims to: Encourage researchers and create a scientific competition among them in order to provide scientific research papers and studies. Study further important topics related to multilingual and specialized translation. Develop languages and translation mechanisms and curricula, identify [&hellip;]<\/p>\n","protected":false},"author":1,"featured_media":0,"parent":0,"menu_order":0,"comment_status":"closed","ping_status":"closed","template":"elementor_header_footer","meta":{"footnotes":""},"class_list":["post-232","page","type-page","status-publish","hentry","entry"],"_links":{"self":[{"href":"https:\/\/translationunion.org\/fr\/wp-json\/wp\/v2\/pages\/232","targetHints":{"allow":["GET"]}}],"collection":[{"href":"https:\/\/translationunion.org\/fr\/wp-json\/wp\/v2\/pages"}],"about":[{"href":"https:\/\/translationunion.org\/fr\/wp-json\/wp\/v2\/types\/page"}],"author":[{"embeddable":true,"href":"https:\/\/translationunion.org\/fr\/wp-json\/wp\/v2\/users\/1"}],"replies":[{"embeddable":true,"href":"https:\/\/translationunion.org\/fr\/wp-json\/wp\/v2\/comments?post=232"}],"version-history":[{"count":4,"href":"https:\/\/translationunion.org\/fr\/wp-json\/wp\/v2\/pages\/232\/revisions"}],"predecessor-version":[{"id":447,"href":"https:\/\/translationunion.org\/fr\/wp-json\/wp\/v2\/pages\/232\/revisions\/447"}],"wp:attachment":[{"href":"https:\/\/translationunion.org\/fr\/wp-json\/wp\/v2\/media?parent=232"}],"curies":[{"name":"wp","href":"https:\/\/api.w.org\/{rel}","templated":true}]}}