{"id":227,"date":"2021-05-04T14:57:41","date_gmt":"2021-05-04T11:57:41","guid":{"rendered":"https:\/\/translationunion.org\/?page_id=227"},"modified":"2021-05-05T12:46:02","modified_gmt":"2021-05-05T09:46:02","slug":"research-evaluation","status":"publish","type":"page","link":"https:\/\/translationunion.org\/fr\/research-evaluation\/","title":{"rendered":"\u00c9valuation du projet de recherche"},"content":{"rendered":"<div data-elementor-type=\"wp-page\" data-elementor-id=\"227\" class=\"elementor elementor-227\" data-elementor-post-type=\"page\">\n\t\t\t\t\t\t<section class=\"elementor-section elementor-top-section elementor-element elementor-element-5adb016 elementor-section-full_width elementor-section-height-default elementor-section-height-default\" data-id=\"5adb016\" data-element_type=\"section\" data-e-type=\"section\" data-settings=\"{&quot;background_background&quot;:&quot;classic&quot;}\">\n\t\t\t\t\t\t\t<div class=\"elementor-background-overlay\"><\/div>\n\t\t\t\t\t\t\t<div class=\"elementor-container elementor-column-gap-default\">\n\t\t\t\t\t<div class=\"elementor-column elementor-col-100 elementor-top-column elementor-element elementor-element-e3504a8\" data-id=\"e3504a8\" data-element_type=\"column\" data-e-type=\"column\" data-settings=\"{&quot;background_background&quot;:&quot;classic&quot;}\">\n\t\t\t<div class=\"elementor-widget-wrap elementor-element-populated\">\n\t\t\t\t\t\t<div class=\"elementor-element elementor-element-6dc373a elementor-align-center elementor-icon-list--layout-traditional elementor-list-item-link-full_width elementor-widget elementor-widget-icon-list\" data-id=\"6dc373a\" data-element_type=\"widget\" data-e-type=\"widget\" data-widget_type=\"icon-list.default\">\n\t\t\t\t<div class=\"elementor-widget-container\">\n\t\t\t\t\t\t\t<ul class=\"elementor-icon-list-items\">\n\t\t\t\t\t\t\t<li class=\"elementor-icon-list-item\">\n\t\t\t\t\t\t\t\t\t\t<span class=\"elementor-icon-list-text\">\u00c9valuation du projet de recherche<\/span>\n\t\t\t\t\t\t\t\t\t<\/li>\n\t\t\t\t\t\t<\/ul>\n\t\t\t\t\t\t<\/div>\n\t\t\t\t<\/div>\n\t\t\t\t\t<\/div>\n\t\t<\/div>\n\t\t\t\t\t<\/div>\n\t\t<\/section>\n\t\t\t\t<section class=\"elementor-section elementor-top-section elementor-element elementor-element-98a6869 elementor-section-boxed elementor-section-height-default elementor-section-height-default\" data-id=\"98a6869\" data-element_type=\"section\" data-e-type=\"section\" data-settings=\"{&quot;background_background&quot;:&quot;classic&quot;}\">\n\t\t\t\t\t\t\t<div class=\"elementor-background-overlay\"><\/div>\n\t\t\t\t\t\t\t<div class=\"elementor-container elementor-column-gap-default\">\n\t\t\t\t\t<div class=\"elementor-column elementor-col-100 elementor-top-column elementor-element elementor-element-cec5dfd\" data-id=\"cec5dfd\" data-element_type=\"column\" data-e-type=\"column\" data-settings=\"{&quot;background_background&quot;:&quot;classic&quot;}\">\n\t\t\t<div class=\"elementor-widget-wrap elementor-element-populated\">\n\t\t\t\t\t\t<div class=\"elementor-element elementor-element-37920cf elementor-widget elementor-widget-text-editor\" data-id=\"37920cf\" data-element_type=\"widget\" data-e-type=\"widget\" data-widget_type=\"text-editor.default\">\n\t\t\t\t<div class=\"elementor-widget-container\">\n\t\t\t\t\t\t\t\t\t<ul><li>La Conf\u00e9rence internationale des langues et de la traduction admet les recherches et les articles scientifiques revus.<\/li><li>Les projets de recherche sont soumis \u00e0 l'\u00e9valuation d'un comit\u00e9 scientifique d\u2019experts internationaux sp\u00e9cialis\u00e9s dans les th\u00e8mes de la Conf\u00e9rence.<\/li><li>Les projets de recherche, les \u00e9tudes et les participations sont \u00e9valu\u00e9s par le comit\u00e9 scientifique de la Conf\u00e9rence en se basant sur l\u2019opinion des juges.<\/li><li>La conf\u00e9rence autorise les participations, les documents de travail, les rapports, les initiatives et les exp\u00e9riences qui enrichissent la recherche scientifique avec des informations et des donn\u00e9es relatives aux individus et institutions gouvernementales et priv\u00e9es.<\/li><li>Les r\u00e9sum\u00e9s de recherche, les articles et les documents de travail seront publi\u00e9s dans le livre de la conf\u00e9rence.<\/li><li>Les projets de recherche seront publi\u00e9s sur le site Web de la conf\u00e9rence.<\/li><\/ul>\t\t\t\t\t\t\t\t<\/div>\n\t\t\t\t<\/div>\n\t\t\t\t\t<\/div>\n\t\t<\/div>\n\t\t\t\t\t<\/div>\n\t\t<\/section>\n\t\t\t\t<\/div>","protected":false},"excerpt":{"rendered":"<p>Research Evaluation The International Conference of Languages and Translation approves reviewed research and scientific papers. Research papers are subject to the evaluation of a scientific committee of international experts specialized in the themes of the Conference. Research papers and studies are evaluated by the Conference scientific committee based on the opinion of judges. The conference [&hellip;]<\/p>\n","protected":false},"author":1,"featured_media":0,"parent":0,"menu_order":0,"comment_status":"closed","ping_status":"closed","template":"elementor_header_footer","meta":{"footnotes":""},"class_list":["post-227","page","type-page","status-publish","hentry","entry"],"_links":{"self":[{"href":"https:\/\/translationunion.org\/fr\/wp-json\/wp\/v2\/pages\/227","targetHints":{"allow":["GET"]}}],"collection":[{"href":"https:\/\/translationunion.org\/fr\/wp-json\/wp\/v2\/pages"}],"about":[{"href":"https:\/\/translationunion.org\/fr\/wp-json\/wp\/v2\/types\/page"}],"author":[{"embeddable":true,"href":"https:\/\/translationunion.org\/fr\/wp-json\/wp\/v2\/users\/1"}],"replies":[{"embeddable":true,"href":"https:\/\/translationunion.org\/fr\/wp-json\/wp\/v2\/comments?post=227"}],"version-history":[{"count":4,"href":"https:\/\/translationunion.org\/fr\/wp-json\/wp\/v2\/pages\/227\/revisions"}],"predecessor-version":[{"id":441,"href":"https:\/\/translationunion.org\/fr\/wp-json\/wp\/v2\/pages\/227\/revisions\/441"}],"wp:attachment":[{"href":"https:\/\/translationunion.org\/fr\/wp-json\/wp\/v2\/media?parent=227"}],"curies":[{"name":"wp","href":"https:\/\/api.w.org\/{rel}","templated":true}]}}