{"id":192,"date":"2021-05-04T14:55:03","date_gmt":"2021-05-04T11:55:03","guid":{"rendered":"https:\/\/translationunion.org\/?page_id=192"},"modified":"2021-05-05T08:16:39","modified_gmt":"2021-05-05T05:16:39","slug":"conference-participants","status":"publish","type":"page","link":"https:\/\/translationunion.org\/fr\/conference-participants\/","title":{"rendered":"Participants \u00e0 la conf\u00e9rence"},"content":{"rendered":"<div data-elementor-type=\"wp-page\" data-elementor-id=\"192\" class=\"elementor elementor-192\" data-elementor-post-type=\"page\">\n\t\t\t\t\t\t<section class=\"elementor-section elementor-top-section elementor-element elementor-element-18261f3 elementor-section-full_width elementor-section-height-default elementor-section-height-default\" data-id=\"18261f3\" data-element_type=\"section\" data-e-type=\"section\" data-settings=\"{&quot;background_background&quot;:&quot;classic&quot;}\">\n\t\t\t\t\t\t\t<div class=\"elementor-background-overlay\"><\/div>\n\t\t\t\t\t\t\t<div class=\"elementor-container elementor-column-gap-default\">\n\t\t\t\t\t<div class=\"elementor-column elementor-col-100 elementor-top-column elementor-element elementor-element-98c913c\" data-id=\"98c913c\" data-element_type=\"column\" data-e-type=\"column\" data-settings=\"{&quot;background_background&quot;:&quot;classic&quot;}\">\n\t\t\t<div class=\"elementor-widget-wrap elementor-element-populated\">\n\t\t\t\t\t\t<div class=\"elementor-element elementor-element-f469dae elementor-align-center elementor-icon-list--layout-traditional elementor-list-item-link-full_width elementor-widget elementor-widget-icon-list\" data-id=\"f469dae\" data-element_type=\"widget\" data-e-type=\"widget\" data-widget_type=\"icon-list.default\">\n\t\t\t\t<div class=\"elementor-widget-container\">\n\t\t\t\t\t\t\t<ul class=\"elementor-icon-list-items\">\n\t\t\t\t\t\t\t<li class=\"elementor-icon-list-item\">\n\t\t\t\t\t\t\t\t\t\t<span class=\"elementor-icon-list-text\">Participants \u00e0 la conf\u00e9rence<\/span>\n\t\t\t\t\t\t\t\t\t<\/li>\n\t\t\t\t\t\t<\/ul>\n\t\t\t\t\t\t<\/div>\n\t\t\t\t<\/div>\n\t\t\t\t\t<\/div>\n\t\t<\/div>\n\t\t\t\t\t<\/div>\n\t\t<\/section>\n\t\t\t\t<section class=\"elementor-section elementor-top-section elementor-element elementor-element-7cae2ea elementor-section-boxed elementor-section-height-default elementor-section-height-default\" data-id=\"7cae2ea\" data-element_type=\"section\" data-e-type=\"section\" data-settings=\"{&quot;background_background&quot;:&quot;classic&quot;}\">\n\t\t\t\t\t\t\t<div class=\"elementor-background-overlay\"><\/div>\n\t\t\t\t\t\t\t<div class=\"elementor-container elementor-column-gap-default\">\n\t\t\t\t\t<div class=\"elementor-column elementor-col-100 elementor-top-column elementor-element elementor-element-e5b8fa8\" data-id=\"e5b8fa8\" data-element_type=\"column\" data-e-type=\"column\" data-settings=\"{&quot;background_background&quot;:&quot;classic&quot;}\">\n\t\t\t<div class=\"elementor-widget-wrap elementor-element-populated\">\n\t\t\t\t\t\t<div class=\"elementor-element elementor-element-5f65078 elementor-widget elementor-widget-text-editor\" data-id=\"5f65078\" data-element_type=\"widget\" data-e-type=\"widget\" data-widget_type=\"text-editor.default\">\n\t\t\t\t<div class=\"elementor-widget-container\">\n\t\t\t\t\t\t\t\t\t<ul><li>Les professeurs de langues et de traduction du monde entier<\/li><li>Les linguistes dans les d\u00e9partements, les \u00e9coles et les universit\u00e9s<\/li><li>Les traducteurs dans le domaine m\u00e9dical, scientifique et technique<\/li><li>Les \u00e9tudiants en langues et en traduction au niveau national et international<\/li><li>D\u00e9partements de langues et de traduction dans les \u00e9coles et universit\u00e9s du monde entier<\/li><li>Les facult\u00e9s de langues et de traduction au niveau mondial<\/li><li>Les syndicats, les unions et les associations de langues et de traduction<\/li><li>Organisations nationales, r\u00e9gionales et internationales<\/li><li>Les services de langues et de traduction dans les organisations et institutions gouvernementales nationales, r\u00e9gionales et internationales<\/li><li>Ceux qui s'int\u00e9ressent aux langues et \u00e0 la traduction commerciale, industrielle, technique, m\u00e9dicale, m\u00e9diatique et plus.<\/li><li>Les soci\u00e9t\u00e9s et les institutions sp\u00e9cialis\u00e9es en langues et traduction<\/li><li>Les moteurs de recherche internationaux<\/li><li>Les langues et la traduction scientifique<\/li><li>Maisons d\u2019\u00e9dition int\u00e9ress\u00e9es par les langues et  la traduction<\/li><\/ul>\t\t\t\t\t\t\t\t<\/div>\n\t\t\t\t<\/div>\n\t\t\t\t\t<\/div>\n\t\t<\/div>\n\t\t\t\t\t<\/div>\n\t\t<\/section>\n\t\t\t\t<\/div>","protected":false},"excerpt":{"rendered":"<p>Conference participants Languages and translation instructors from universities around the world Linguists in departments, schools and universities Translators in the medical, scientific and technical fields Languages and translation students in colleges and universities from different countries of the world Languages and translation departments in schools and universities throughout the world Translation students from colleges and [&hellip;]<\/p>\n","protected":false},"author":1,"featured_media":0,"parent":0,"menu_order":0,"comment_status":"closed","ping_status":"closed","template":"elementor_header_footer","meta":{"footnotes":""},"class_list":["post-192","page","type-page","status-publish","hentry","entry"],"_links":{"self":[{"href":"https:\/\/translationunion.org\/fr\/wp-json\/wp\/v2\/pages\/192","targetHints":{"allow":["GET"]}}],"collection":[{"href":"https:\/\/translationunion.org\/fr\/wp-json\/wp\/v2\/pages"}],"about":[{"href":"https:\/\/translationunion.org\/fr\/wp-json\/wp\/v2\/types\/page"}],"author":[{"embeddable":true,"href":"https:\/\/translationunion.org\/fr\/wp-json\/wp\/v2\/users\/1"}],"replies":[{"embeddable":true,"href":"https:\/\/translationunion.org\/fr\/wp-json\/wp\/v2\/comments?post=192"}],"version-history":[{"count":4,"href":"https:\/\/translationunion.org\/fr\/wp-json\/wp\/v2\/pages\/192\/revisions"}],"predecessor-version":[{"id":328,"href":"https:\/\/translationunion.org\/fr\/wp-json\/wp\/v2\/pages\/192\/revisions\/328"}],"wp:attachment":[{"href":"https:\/\/translationunion.org\/fr\/wp-json\/wp\/v2\/media?parent=192"}],"curies":[{"name":"wp","href":"https:\/\/api.w.org\/{rel}","templated":true}]}}