{"id":187,"date":"2021-05-04T14:54:30","date_gmt":"2021-05-04T11:54:30","guid":{"rendered":"https:\/\/translationunion.org\/?page_id=187"},"modified":"2021-05-05T08:14:46","modified_gmt":"2021-05-05T05:14:46","slug":"objectives","status":"publish","type":"page","link":"https:\/\/translationunion.org\/fr\/objectives\/","title":{"rendered":"Objectifs"},"content":{"rendered":"<div data-elementor-type=\"wp-page\" data-elementor-id=\"187\" class=\"elementor elementor-187\" data-elementor-post-type=\"page\">\n\t\t\t\t\t\t<section class=\"elementor-section elementor-top-section elementor-element elementor-element-23729db elementor-section-full_width elementor-section-height-default elementor-section-height-default\" data-id=\"23729db\" data-element_type=\"section\" data-e-type=\"section\" data-settings=\"{&quot;background_background&quot;:&quot;classic&quot;}\">\n\t\t\t\t\t\t\t<div class=\"elementor-background-overlay\"><\/div>\n\t\t\t\t\t\t\t<div class=\"elementor-container elementor-column-gap-default\">\n\t\t\t\t\t<div class=\"elementor-column elementor-col-100 elementor-top-column elementor-element elementor-element-948db79\" data-id=\"948db79\" data-element_type=\"column\" data-e-type=\"column\" data-settings=\"{&quot;background_background&quot;:&quot;classic&quot;}\">\n\t\t\t<div class=\"elementor-widget-wrap elementor-element-populated\">\n\t\t\t\t\t\t<div class=\"elementor-element elementor-element-a5a7722 elementor-align-center elementor-icon-list--layout-traditional elementor-list-item-link-full_width elementor-widget elementor-widget-icon-list\" data-id=\"a5a7722\" data-element_type=\"widget\" data-e-type=\"widget\" data-widget_type=\"icon-list.default\">\n\t\t\t\t<div class=\"elementor-widget-container\">\n\t\t\t\t\t\t\t<ul class=\"elementor-icon-list-items\">\n\t\t\t\t\t\t\t<li class=\"elementor-icon-list-item\">\n\t\t\t\t\t\t\t\t\t\t<span class=\"elementor-icon-list-text\">Objectifs<\/span>\n\t\t\t\t\t\t\t\t\t<\/li>\n\t\t\t\t\t\t<\/ul>\n\t\t\t\t\t\t<\/div>\n\t\t\t\t<\/div>\n\t\t\t\t\t<\/div>\n\t\t<\/div>\n\t\t\t\t\t<\/div>\n\t\t<\/section>\n\t\t\t\t<section class=\"elementor-section elementor-top-section elementor-element elementor-element-a1d0b23 elementor-section-boxed elementor-section-height-default elementor-section-height-default\" data-id=\"a1d0b23\" data-element_type=\"section\" data-e-type=\"section\" data-settings=\"{&quot;background_background&quot;:&quot;classic&quot;}\">\n\t\t\t\t\t\t\t<div class=\"elementor-background-overlay\"><\/div>\n\t\t\t\t\t\t\t<div class=\"elementor-container elementor-column-gap-default\">\n\t\t\t\t\t<div class=\"elementor-column elementor-col-100 elementor-top-column elementor-element elementor-element-eeed54a\" data-id=\"eeed54a\" data-element_type=\"column\" data-e-type=\"column\" data-settings=\"{&quot;background_background&quot;:&quot;classic&quot;}\">\n\t\t\t<div class=\"elementor-widget-wrap elementor-element-populated\">\n\t\t\t\t\t\t<div class=\"elementor-element elementor-element-ac2b03c elementor-widget elementor-widget-text-editor\" data-id=\"ac2b03c\" data-element_type=\"widget\" data-e-type=\"widget\" data-widget_type=\"text-editor.default\">\n\t\t\t\t<div class=\"elementor-widget-container\">\n\t\t\t\t\t\t\t\t\t<ul><li>Assurer une communication efficace entre les scientifiques, les chercheurs et les linguistes dans plusieurs langues et pays.\u00a0<\/li><li>Encourager les partenariats scientifiques et les \u00e9changes d'exp\u00e9riences entre les enseignants, les \u00e9tudiants et les chercheurs dans le domaine des langues et de la traduction.\u00a0<\/li><li>Discuter des probl\u00e8mes relatifs aux langues et \u00e0 la traduction dans les \u00e9coles, les universit\u00e9s et les instituts de langues et de traduction.<\/li><li>Discuter de sujets li\u00e9s aux langues et \u00e0 la traduction dans plusieurs disciplines et professions.<\/li><li>Sensibiliser \u00e0 l'importance des langues et de la traduction pour les individus, la famille, la communaut\u00e9, les institutions gouvernementales et priv\u00e9es.<\/li><li>Encourager les initiatives et les exp\u00e9riences r\u00e9ussies dans le domaine des langues et de la traduction.<\/li><li>Soutenir les politiques, les l\u00e9gislations, les lois et les plans visant \u00e0 promouvoir les langues et la traduction dans le domaine de la gestion, de l'\u00e9ducation, du march\u00e9 du travail, des m\u00e9dias et ainsi que dans d'autres domaines vitaux.<\/li><li>Rechercher des ressources p\u00e9dagogiques modernes pour servir les \u00e9tablissements de langues et de traduction et mettre \u00e0 jour leurs cursus.<\/li><li>\u00c9tablir des normes et pr\u00e9parer un rapport d\u2019auto-\u00e9valuation sur le cursus des \u00e9tablissements de langues et de traduction.<\/li><li>Promouvoir les \u00e9changes culturels, intellectuels, techniques, scientifiques, commerciaux, industriels et plus entre diff\u00e9rents pays, communaut\u00e9s et cultures.<\/li><\/ul>\t\t\t\t\t\t\t\t<\/div>\n\t\t\t\t<\/div>\n\t\t\t\t\t<\/div>\n\t\t<\/div>\n\t\t\t\t\t<\/div>\n\t\t<\/section>\n\t\t\t\t<\/div>","protected":false},"excerpt":{"rendered":"<p>Objectives Achieving an effective communication between scientists, researchers and linguists in several languages and countries.\u00a0 Promoting scientific partnerships and exchange of experiences between instructors, students and researchers in the field of languages and translation.\u00a0 Discussing issues related to languages and translation in schools, universities and institutes. Discussing topics related to languages and translation in various [&hellip;]<\/p>\n","protected":false},"author":1,"featured_media":0,"parent":0,"menu_order":0,"comment_status":"closed","ping_status":"closed","template":"elementor_header_footer","meta":{"footnotes":""},"class_list":["post-187","page","type-page","status-publish","hentry","entry"],"_links":{"self":[{"href":"https:\/\/translationunion.org\/fr\/wp-json\/wp\/v2\/pages\/187","targetHints":{"allow":["GET"]}}],"collection":[{"href":"https:\/\/translationunion.org\/fr\/wp-json\/wp\/v2\/pages"}],"about":[{"href":"https:\/\/translationunion.org\/fr\/wp-json\/wp\/v2\/types\/page"}],"author":[{"embeddable":true,"href":"https:\/\/translationunion.org\/fr\/wp-json\/wp\/v2\/users\/1"}],"replies":[{"embeddable":true,"href":"https:\/\/translationunion.org\/fr\/wp-json\/wp\/v2\/comments?post=187"}],"version-history":[{"count":10,"href":"https:\/\/translationunion.org\/fr\/wp-json\/wp\/v2\/pages\/187\/revisions"}],"predecessor-version":[{"id":325,"href":"https:\/\/translationunion.org\/fr\/wp-json\/wp\/v2\/pages\/187\/revisions\/325"}],"wp:attachment":[{"href":"https:\/\/translationunion.org\/fr\/wp-json\/wp\/v2\/media?parent=187"}],"curies":[{"name":"wp","href":"https:\/\/api.w.org\/{rel}","templated":true}]}}