{"id":396,"date":"2021-05-05T10:55:32","date_gmt":"2021-05-05T07:55:32","guid":{"rendered":"https:\/\/translationunion.org\/?page_id=396"},"modified":"2021-05-07T11:16:16","modified_gmt":"2021-05-07T08:16:16","slug":"membership","status":"publish","type":"page","link":"https:\/\/translationunion.org\/es\/membership\/","title":{"rendered":"Membres\u00eda"},"content":{"rendered":"<div data-elementor-type=\"wp-page\" data-elementor-id=\"396\" class=\"elementor elementor-396\" data-elementor-post-type=\"page\">\n\t\t\t\t\t\t<section class=\"elementor-section elementor-top-section elementor-element elementor-element-7d09448 elementor-section-full_width elementor-section-height-default elementor-section-height-default\" data-id=\"7d09448\" data-element_type=\"section\" data-e-type=\"section\" data-settings=\"{&quot;background_background&quot;:&quot;classic&quot;}\">\n\t\t\t\t\t\t\t<div class=\"elementor-background-overlay\"><\/div>\n\t\t\t\t\t\t\t<div class=\"elementor-container elementor-column-gap-default\">\n\t\t\t\t\t<div class=\"elementor-column elementor-col-100 elementor-top-column elementor-element elementor-element-382f878\" data-id=\"382f878\" data-element_type=\"column\" data-e-type=\"column\" data-settings=\"{&quot;background_background&quot;:&quot;classic&quot;}\">\n\t\t\t<div class=\"elementor-widget-wrap elementor-element-populated\">\n\t\t\t\t\t\t<div class=\"elementor-element elementor-element-a4e143c elementor-align-center elementor-icon-list--layout-traditional elementor-list-item-link-full_width elementor-widget elementor-widget-icon-list\" data-id=\"a4e143c\" data-element_type=\"widget\" data-e-type=\"widget\" data-widget_type=\"icon-list.default\">\n\t\t\t\t<div class=\"elementor-widget-container\">\n\t\t\t\t\t\t\t<ul class=\"elementor-icon-list-items\">\n\t\t\t\t\t\t\t<li class=\"elementor-icon-list-item\">\n\t\t\t\t\t\t\t\t\t\t<span class=\"elementor-icon-list-text\">Membres\u00eda<\/span>\n\t\t\t\t\t\t\t\t\t<\/li>\n\t\t\t\t\t\t<\/ul>\n\t\t\t\t\t\t<\/div>\n\t\t\t\t<\/div>\n\t\t\t\t\t<\/div>\n\t\t<\/div>\n\t\t\t\t\t<\/div>\n\t\t<\/section>\n\t\t\t\t<section class=\"elementor-section elementor-top-section elementor-element elementor-element-76bd5c0 elementor-section-boxed elementor-section-height-default elementor-section-height-default\" data-id=\"76bd5c0\" data-element_type=\"section\" data-e-type=\"section\" data-settings=\"{&quot;background_background&quot;:&quot;classic&quot;}\">\n\t\t\t\t\t\t\t<div class=\"elementor-background-overlay\"><\/div>\n\t\t\t\t\t\t\t<div class=\"elementor-container elementor-column-gap-default\">\n\t\t\t\t\t<div class=\"elementor-column elementor-col-100 elementor-top-column elementor-element elementor-element-704e3da\" data-id=\"704e3da\" data-element_type=\"column\" data-e-type=\"column\" data-settings=\"{&quot;background_background&quot;:&quot;classic&quot;}\">\n\t\t\t<div class=\"elementor-widget-wrap elementor-element-populated\">\n\t\t\t\t\t\t<div class=\"elementor-element elementor-element-90da812 elementor-widget elementor-widget-text-editor\" data-id=\"90da812\" data-element_type=\"widget\" data-e-type=\"widget\" data-widget_type=\"text-editor.default\">\n\t\t\t\t<div class=\"elementor-widget-container\">\n\t\t\t\t\t\t\t\t\t<p>La Uni\u00f3n internacional de idiomas y traducci\u00f3n otorga membres\u00eda a:<\/p><p><strong>Individuos,<\/strong>\u00a0cient\u00edficos, investigadores, especialistas, ling\u00fcistas y traductores de todo el mundo de acuerdo con las condiciones de afiliaci\u00f3n.<\/p><p><strong>Instituciones,<\/strong>\u00a0organismos y organizaciones de todo el mundo, departamentos, universidades, asociaciones, sindicatos, centros y departamentos relacionados con los idiomas y la traducci\u00f3n.<\/p>\t\t\t\t\t\t\t\t<\/div>\n\t\t\t\t<\/div>\n\t\t\t\t\t<\/div>\n\t\t<\/div>\n\t\t\t\t\t<\/div>\n\t\t<\/section>\n\t\t\t\t<\/div>","protected":false},"excerpt":{"rendered":"<p>Membership The International Union of Languages and Translation grants the Membership to: Individuals,\u00a0scientists, researchers, specialists, translators and linguists worldwide pursuant to the terms and conditions of the membership. Institutions,\u00a0bodies and organizations worldwide, departments, universities, associations, unions, centers and departments concerned with languages and translation.<\/p>","protected":false},"author":1,"featured_media":0,"parent":0,"menu_order":0,"comment_status":"closed","ping_status":"closed","template":"elementor_header_footer","meta":{"footnotes":""},"class_list":["post-396","page","type-page","status-publish","hentry","entry"],"_links":{"self":[{"href":"https:\/\/translationunion.org\/es\/wp-json\/wp\/v2\/pages\/396","targetHints":{"allow":["GET"]}}],"collection":[{"href":"https:\/\/translationunion.org\/es\/wp-json\/wp\/v2\/pages"}],"about":[{"href":"https:\/\/translationunion.org\/es\/wp-json\/wp\/v2\/types\/page"}],"author":[{"embeddable":true,"href":"https:\/\/translationunion.org\/es\/wp-json\/wp\/v2\/users\/1"}],"replies":[{"embeddable":true,"href":"https:\/\/translationunion.org\/es\/wp-json\/wp\/v2\/comments?post=396"}],"version-history":[{"count":4,"href":"https:\/\/translationunion.org\/es\/wp-json\/wp\/v2\/pages\/396\/revisions"}],"predecessor-version":[{"id":566,"href":"https:\/\/translationunion.org\/es\/wp-json\/wp\/v2\/pages\/396\/revisions\/566"}],"wp:attachment":[{"href":"https:\/\/translationunion.org\/es\/wp-json\/wp\/v2\/media?parent=396"}],"curies":[{"name":"wp","href":"https:\/\/api.w.org\/{rel}","templated":true}]}}