{"id":385,"date":"2021-05-05T10:54:17","date_gmt":"2021-05-05T07:54:17","guid":{"rendered":"https:\/\/translationunion.org\/?page_id=385"},"modified":"2021-05-07T11:04:49","modified_gmt":"2021-05-07T08:04:49","slug":"objectives-2","status":"publish","type":"page","link":"https:\/\/translationunion.org\/es\/objectives-2\/","title":{"rendered":"Objetivos"},"content":{"rendered":"<div data-elementor-type=\"wp-page\" data-elementor-id=\"385\" class=\"elementor elementor-385\" data-elementor-post-type=\"page\">\n\t\t\t\t\t\t<section class=\"elementor-section elementor-top-section elementor-element elementor-element-d90bcf7 elementor-section-full_width elementor-section-height-default elementor-section-height-default\" data-id=\"d90bcf7\" data-element_type=\"section\" data-e-type=\"section\" data-settings=\"{&quot;background_background&quot;:&quot;classic&quot;}\">\n\t\t\t\t\t\t\t<div class=\"elementor-background-overlay\"><\/div>\n\t\t\t\t\t\t\t<div class=\"elementor-container elementor-column-gap-default\">\n\t\t\t\t\t<div class=\"elementor-column elementor-col-100 elementor-top-column elementor-element elementor-element-9990264\" data-id=\"9990264\" data-element_type=\"column\" data-e-type=\"column\" data-settings=\"{&quot;background_background&quot;:&quot;classic&quot;}\">\n\t\t\t<div class=\"elementor-widget-wrap elementor-element-populated\">\n\t\t\t\t\t\t<div class=\"elementor-element elementor-element-82debf8 elementor-align-center elementor-icon-list--layout-traditional elementor-list-item-link-full_width elementor-widget elementor-widget-icon-list\" data-id=\"82debf8\" data-element_type=\"widget\" data-e-type=\"widget\" data-widget_type=\"icon-list.default\">\n\t\t\t\t<div class=\"elementor-widget-container\">\n\t\t\t\t\t\t\t<ul class=\"elementor-icon-list-items\">\n\t\t\t\t\t\t\t<li class=\"elementor-icon-list-item\">\n\t\t\t\t\t\t\t\t\t\t<span class=\"elementor-icon-list-text\">Los objetivos de la Uni\u00f3n<\/span>\n\t\t\t\t\t\t\t\t\t<\/li>\n\t\t\t\t\t\t<\/ul>\n\t\t\t\t\t\t<\/div>\n\t\t\t\t<\/div>\n\t\t\t\t\t<\/div>\n\t\t<\/div>\n\t\t\t\t\t<\/div>\n\t\t<\/section>\n\t\t\t\t<section class=\"elementor-section elementor-top-section elementor-element elementor-element-eb9c297 elementor-section-boxed elementor-section-height-default elementor-section-height-default\" data-id=\"eb9c297\" data-element_type=\"section\" data-e-type=\"section\" data-settings=\"{&quot;background_background&quot;:&quot;classic&quot;}\">\n\t\t\t\t\t\t\t<div class=\"elementor-background-overlay\"><\/div>\n\t\t\t\t\t\t\t<div class=\"elementor-container elementor-column-gap-default\">\n\t\t\t\t\t<div class=\"elementor-column elementor-col-100 elementor-top-column elementor-element elementor-element-fa5fcd8\" data-id=\"fa5fcd8\" data-element_type=\"column\" data-e-type=\"column\" data-settings=\"{&quot;background_background&quot;:&quot;classic&quot;}\">\n\t\t\t<div class=\"elementor-widget-wrap elementor-element-populated\">\n\t\t\t\t\t\t<div class=\"elementor-element elementor-element-41b998a elementor-widget elementor-widget-text-editor\" data-id=\"41b998a\" data-element_type=\"widget\" data-e-type=\"widget\" data-widget_type=\"text-editor.default\">\n\t\t\t\t<div class=\"elementor-widget-container\">\n\t\t\t\t\t\t\t\t\t<p><strong><u>Uni\u00f3n internacional de idiomas y traducci\u00f3n<\/u><\/strong>\u00a0es una organizaci\u00f3n internacional independiente para traductores, ling\u00fcistas e instituciones de idiomas y  de traducci\u00f3n de todo el mundo.\u00a0<strong><u>La Uni\u00f3n tiene como objetivo:<\/u><\/strong><\/p><ul><li>Promover la comunicaci\u00f3n, integraci\u00f3n e intercambio de experiencias entre especialistas, traductores e ling\u00fcistas de diferentes combinaciones ling\u00fc\u00edsticas.<\/li><li>Promover y apoyar los esfuerzos de individuos, instituciones gubernamentales y civiles, estados, organizaciones nacionales, regionales e internacionales interesadas en los idiomas y la traducci\u00f3n.<\/li><li>Abrir un nuevo horizonte y generar intereses comunes en el servicio de la diversidad cultural, cient\u00edfica y t\u00e9cnica, as\u00ed como otras \u00e1reas vitales en las que las naciones y comunidades contribuyen a trav\u00e9s de los idiomas y la traducci\u00f3n.<\/li><li>Contar con la lengua nacional que es la herramienta de comunicaci\u00f3n con las lenguas extranjeras gracias a traductores y ling\u00fcistas  que traducen desde y hacia la lengua nacional.<\/li><li>Promover la investigaci\u00f3n, los estudios y proyectos cient\u00edficos para el servicio de idiomas y de traducci\u00f3n a nivel nacional, regional e internacional.<\/li><li>Crear proyectos de idiomas y traducci\u00f3n para instituciones gubernamentales y privadas.<\/li><li>Documentar los esfuerzos de los traductores y ling\u00fcistas publicando sus Curr\u00edculums para comunicarse con ellos y preservar su historia y trabajo a lo largo de los a\u00f1os. Beneficiar de su experiencia y conocimientos en idiomas y traducci\u00f3n.<\/li><li>Dar importancia a la calidad y al desarrollo continuo de las instituciones de idiomas y  traducci\u00f3n.<\/li><li>Facilitar la acreditaci\u00f3n acad\u00e9mica para\nInstituciones educativas y cient\u00edficas de idiomas y traducci\u00f3n.<\/li><li>Preste atenci\u00f3n a las leyes, legislaciones, reglas, est\u00e1ndares y regulaciones de los idiomas y la profesi\u00f3n de traducci\u00f3n.<\/li><li>Organizar cursos, seminarios, conferencias, exposiciones y otros eventos para contribuir al desarrollo de los idiomas y de la traducci\u00f3n.<\/li><li>Reunir a los traductores y a los ling\u00fcistas para discutir medios de cooperaci\u00f3n y resoluci\u00f3n de problemas de idiomas y de traducci\u00f3n.<\/li><li>Fortalecer y desarrollar las relaciones entre la lengua nacional y las lenguas extranjeras.<\/li><\/ul><p><strong><u>N\u00f3tese bien:<\/u><\/strong><strong><u>:<\/u><\/strong><\/p><p>La Uni\u00f3n concede membres\u00edas institucionales e individuales para las personas interesadas en los idiomas y la traducci\u00f3n en virtud de los Estatutos de la Uni\u00f3n.<\/p><p>Todas las instituciones nacionales de idiomas y traducci\u00f3n, los traductores y ling\u00fcistas  que trabajen en diferentes combinaciones de idiomas, tienen derecho a ser miembros oficiales de la Uni\u00f3n y a participar en los diferentes proyectos de idiomas y traducci\u00f3n.<\/p><p>La Uni\u00f3n recibe y alienta a todos los traductores profesionales, as\u00ed como a las ling\u00fcistas , a ser miembros de la Uni\u00f3n y participar en sus diversos proyectos de idiomas y traducci\u00f3n.<\/p>\t\t\t\t\t\t\t\t<\/div>\n\t\t\t\t<\/div>\n\t\t\t\t\t<\/div>\n\t\t<\/div>\n\t\t\t\t\t<\/div>\n\t\t<\/section>\n\t\t\t\t<\/div>","protected":false},"excerpt":{"rendered":"<p>Objectives of the Union International Union of Languages and Translation\u00a0is an international organization for translators, linguists and languages and translation institutions worldwide.\u00a0The union aims to Promote communication, integration and exchange of experiences between specialists, translators and linguists of different language combinations. Support the efforts of individuals, governmental and civil institutions, states, national, regional and international [&hellip;]<\/p>\n","protected":false},"author":1,"featured_media":0,"parent":0,"menu_order":0,"comment_status":"closed","ping_status":"closed","template":"elementor_header_footer","meta":{"footnotes":""},"class_list":["post-385","page","type-page","status-publish","hentry","entry"],"_links":{"self":[{"href":"https:\/\/translationunion.org\/es\/wp-json\/wp\/v2\/pages\/385","targetHints":{"allow":["GET"]}}],"collection":[{"href":"https:\/\/translationunion.org\/es\/wp-json\/wp\/v2\/pages"}],"about":[{"href":"https:\/\/translationunion.org\/es\/wp-json\/wp\/v2\/types\/page"}],"author":[{"embeddable":true,"href":"https:\/\/translationunion.org\/es\/wp-json\/wp\/v2\/users\/1"}],"replies":[{"embeddable":true,"href":"https:\/\/translationunion.org\/es\/wp-json\/wp\/v2\/comments?post=385"}],"version-history":[{"count":4,"href":"https:\/\/translationunion.org\/es\/wp-json\/wp\/v2\/pages\/385\/revisions"}],"predecessor-version":[{"id":560,"href":"https:\/\/translationunion.org\/es\/wp-json\/wp\/v2\/pages\/385\/revisions\/560"}],"wp:attachment":[{"href":"https:\/\/translationunion.org\/es\/wp-json\/wp\/v2\/media?parent=385"}],"curies":[{"name":"wp","href":"https:\/\/api.w.org\/{rel}","templated":true}]}}