{"id":257,"date":"2021-05-04T14:59:36","date_gmt":"2021-05-04T11:59:36","guid":{"rendered":"https:\/\/translationunion.org\/?page_id=257"},"modified":"2021-05-05T12:53:38","modified_gmt":"2021-05-05T09:53:38","slug":"legal-and-intellectual-liabilities","status":"publish","type":"page","link":"https:\/\/translationunion.org\/es\/legal-and-intellectual-liabilities\/","title":{"rendered":"Responsabilidades legales e intelectuales"},"content":{"rendered":"<div data-elementor-type=\"wp-page\" data-elementor-id=\"257\" class=\"elementor elementor-257\" data-elementor-post-type=\"page\">\n\t\t\t\t\t\t<section class=\"elementor-section elementor-top-section elementor-element elementor-element-9649371 elementor-section-full_width elementor-section-height-default elementor-section-height-default\" data-id=\"9649371\" data-element_type=\"section\" data-e-type=\"section\" data-settings=\"{&quot;background_background&quot;:&quot;classic&quot;}\">\n\t\t\t\t\t\t\t<div class=\"elementor-background-overlay\"><\/div>\n\t\t\t\t\t\t\t<div class=\"elementor-container elementor-column-gap-default\">\n\t\t\t\t\t<div class=\"elementor-column elementor-col-100 elementor-top-column elementor-element elementor-element-f1f06b6\" data-id=\"f1f06b6\" data-element_type=\"column\" data-e-type=\"column\" data-settings=\"{&quot;background_background&quot;:&quot;classic&quot;}\">\n\t\t\t<div class=\"elementor-widget-wrap elementor-element-populated\">\n\t\t\t\t\t\t<div class=\"elementor-element elementor-element-2196968 elementor-align-center elementor-icon-list--layout-traditional elementor-list-item-link-full_width elementor-widget elementor-widget-icon-list\" data-id=\"2196968\" data-element_type=\"widget\" data-e-type=\"widget\" data-widget_type=\"icon-list.default\">\n\t\t\t\t<div class=\"elementor-widget-container\">\n\t\t\t\t\t\t\t<ul class=\"elementor-icon-list-items\">\n\t\t\t\t\t\t\t<li class=\"elementor-icon-list-item\">\n\t\t\t\t\t\t\t\t\t\t<span class=\"elementor-icon-list-text\">Responsabilidades legales e intelectuales<\/span>\n\t\t\t\t\t\t\t\t\t<\/li>\n\t\t\t\t\t\t<\/ul>\n\t\t\t\t\t\t<\/div>\n\t\t\t\t<\/div>\n\t\t\t\t\t<\/div>\n\t\t<\/div>\n\t\t\t\t\t<\/div>\n\t\t<\/section>\n\t\t\t\t<section class=\"elementor-section elementor-top-section elementor-element elementor-element-c507e11 elementor-section-boxed elementor-section-height-default elementor-section-height-default\" data-id=\"c507e11\" data-element_type=\"section\" data-e-type=\"section\" data-settings=\"{&quot;background_background&quot;:&quot;classic&quot;}\">\n\t\t\t\t\t\t\t<div class=\"elementor-background-overlay\"><\/div>\n\t\t\t\t\t\t\t<div class=\"elementor-container elementor-column-gap-default\">\n\t\t\t\t\t<div class=\"elementor-column elementor-col-100 elementor-top-column elementor-element elementor-element-6930df8\" data-id=\"6930df8\" data-element_type=\"column\" data-e-type=\"column\" data-settings=\"{&quot;background_background&quot;:&quot;classic&quot;}\">\n\t\t\t<div class=\"elementor-widget-wrap elementor-element-populated\">\n\t\t\t\t\t\t<div class=\"elementor-element elementor-element-44c360d elementor-widget elementor-widget-text-editor\" data-id=\"44c360d\" data-element_type=\"widget\" data-e-type=\"widget\" data-widget_type=\"text-editor.default\">\n\t\t\t\t<div class=\"elementor-widget-container\">\n\t\t\t\t\t\t\t\t\t<ul><li><p>El investigador o instituci\u00f3n asume la plena responsabilidad jur\u00eddica, material, financiera e intelectual del contenido de sus investigaciones, fichas de trabajo, proyectos e iniciativas que presente a la Conferencia. La Conferencia o cualquier otra parte relacionada con ella no tiene ninguna responsabilidad legal, material, financiera, intelectual o de propiedad del proyecto de investigaci\u00f3n.<\/p><ol><li>La conferencia brinda a investigadores e instituciones la oportunidad de presentar los documentos de trabajo a su manera para facilitar el debate de los investigadores y participantes de la conferencia.<\/li><li>La conferencia tiene derecho a publicar proyectos de investigaci\u00f3n en el libro de la conferencia en papel o en formato electr\u00f3nico.<\/li><li>La conferencia tiene, si es necesario, el derecho a publicar los proyectos de investigaci\u00f3n en libros especializados, a comercializarlos y venderlos con el fin de obtener beneficios.<\/li><li>En caso de ausencia, la Conferencia cancela el proyecto de investigaci\u00f3n del candidato ausente al finalizar la sesi\u00f3n. Dicho borrador no se considerar\u00e1 presentado a la Conferencia, aunque haya sido impreso o publicado en la agenda de la conferencia.<\/li><\/ol><\/li><\/ul>\t\t\t\t\t\t\t\t<\/div>\n\t\t\t\t<\/div>\n\t\t\t\t\t<\/div>\n\t\t<\/div>\n\t\t\t\t\t<\/div>\n\t\t<\/section>\n\t\t\t\t<\/div>","protected":false},"excerpt":{"rendered":"<p>Legal and Intellectual Liabilities The researcher or institution shall bear full legal, material, financial and intellectual liabilities for the content of their research paper, worksheet, projects and initiatives submitted to the International Conference on Translation. The Conference or any related party thereto has no legal, material, financial, intellectual liability for the research submitted by the [&hellip;]<\/p>\n","protected":false},"author":1,"featured_media":0,"parent":0,"menu_order":0,"comment_status":"closed","ping_status":"closed","template":"elementor_header_footer","meta":{"footnotes":""},"class_list":["post-257","page","type-page","status-publish","hentry","entry"],"_links":{"self":[{"href":"https:\/\/translationunion.org\/es\/wp-json\/wp\/v2\/pages\/257","targetHints":{"allow":["GET"]}}],"collection":[{"href":"https:\/\/translationunion.org\/es\/wp-json\/wp\/v2\/pages"}],"about":[{"href":"https:\/\/translationunion.org\/es\/wp-json\/wp\/v2\/types\/page"}],"author":[{"embeddable":true,"href":"https:\/\/translationunion.org\/es\/wp-json\/wp\/v2\/users\/1"}],"replies":[{"embeddable":true,"href":"https:\/\/translationunion.org\/es\/wp-json\/wp\/v2\/comments?post=257"}],"version-history":[{"count":4,"href":"https:\/\/translationunion.org\/es\/wp-json\/wp\/v2\/pages\/257\/revisions"}],"predecessor-version":[{"id":462,"href":"https:\/\/translationunion.org\/es\/wp-json\/wp\/v2\/pages\/257\/revisions\/462"}],"wp:attachment":[{"href":"https:\/\/translationunion.org\/es\/wp-json\/wp\/v2\/media?parent=257"}],"curies":[{"name":"wp","href":"https:\/\/api.w.org\/{rel}","templated":true}]}}