{"id":252,"date":"2021-05-04T14:59:16","date_gmt":"2021-05-04T11:59:16","guid":{"rendered":"https:\/\/translationunion.org\/?page_id=252"},"modified":"2021-05-05T12:52:43","modified_gmt":"2021-05-05T09:52:43","slug":"procedures-of-research-submission","status":"publish","type":"page","link":"https:\/\/translationunion.org\/es\/procedures-of-research-submission\/","title":{"rendered":"M\u00e9todos de presentaci\u00f3n del proyecto de investigaci\u00f3n"},"content":{"rendered":"<div data-elementor-type=\"wp-page\" data-elementor-id=\"252\" class=\"elementor elementor-252\" data-elementor-post-type=\"page\">\n\t\t\t\t\t\t<section class=\"elementor-section elementor-top-section elementor-element elementor-element-ad9848b elementor-section-full_width elementor-section-height-default elementor-section-height-default\" data-id=\"ad9848b\" data-element_type=\"section\" data-e-type=\"section\" data-settings=\"{&quot;background_background&quot;:&quot;classic&quot;}\">\n\t\t\t\t\t\t\t<div class=\"elementor-background-overlay\"><\/div>\n\t\t\t\t\t\t\t<div class=\"elementor-container elementor-column-gap-default\">\n\t\t\t\t\t<div class=\"elementor-column elementor-col-100 elementor-top-column elementor-element elementor-element-227db12\" data-id=\"227db12\" data-element_type=\"column\" data-e-type=\"column\" data-settings=\"{&quot;background_background&quot;:&quot;classic&quot;}\">\n\t\t\t<div class=\"elementor-widget-wrap elementor-element-populated\">\n\t\t\t\t\t\t<div class=\"elementor-element elementor-element-a0ed7e5 elementor-align-center elementor-icon-list--layout-traditional elementor-list-item-link-full_width elementor-widget elementor-widget-icon-list\" data-id=\"a0ed7e5\" data-element_type=\"widget\" data-e-type=\"widget\" data-widget_type=\"icon-list.default\">\n\t\t\t\t<div class=\"elementor-widget-container\">\n\t\t\t\t\t\t\t<ul class=\"elementor-icon-list-items\">\n\t\t\t\t\t\t\t<li class=\"elementor-icon-list-item\">\n\t\t\t\t\t\t\t\t\t\t<span class=\"elementor-icon-list-text\">M\u00e9todos de presentaci\u00f3n del proyecto de investigaci\u00f3n<\/span>\n\t\t\t\t\t\t\t\t\t<\/li>\n\t\t\t\t\t\t<\/ul>\n\t\t\t\t\t\t<\/div>\n\t\t\t\t<\/div>\n\t\t\t\t\t<\/div>\n\t\t<\/div>\n\t\t\t\t\t<\/div>\n\t\t<\/section>\n\t\t\t\t<section class=\"elementor-section elementor-top-section elementor-element elementor-element-dee897d elementor-section-boxed elementor-section-height-default elementor-section-height-default\" data-id=\"dee897d\" data-element_type=\"section\" data-e-type=\"section\" data-settings=\"{&quot;background_background&quot;:&quot;classic&quot;}\">\n\t\t\t\t\t\t\t<div class=\"elementor-background-overlay\"><\/div>\n\t\t\t\t\t\t\t<div class=\"elementor-container elementor-column-gap-default\">\n\t\t\t\t\t<div class=\"elementor-column elementor-col-100 elementor-top-column elementor-element elementor-element-498c680\" data-id=\"498c680\" data-element_type=\"column\" data-e-type=\"column\" data-settings=\"{&quot;background_background&quot;:&quot;classic&quot;}\">\n\t\t\t<div class=\"elementor-widget-wrap elementor-element-populated\">\n\t\t\t\t\t\t<div class=\"elementor-element elementor-element-5061b15 elementor-widget elementor-widget-text-editor\" data-id=\"5061b15\" data-element_type=\"widget\" data-e-type=\"widget\" data-widget_type=\"text-editor.default\">\n\t\t\t\t<div class=\"elementor-widget-container\">\n\t\t\t\t\t\t\t\t\t<ul><li>El proyecto de investigaci\u00f3n debe estar libre de errores de idioma.<\/li><li>Para ser evaluados y colocados en la agenda de la conferencia, los trabajos de investigaci\u00f3n y trabajo deben enviarse antes de la fecha l\u00edmite establecida.<\/li><li>La b\u00fasqueda no debe exceder las 15 p\u00e1ginas con un tama\u00f1o de fuente (14).<\/li><li>La investigaci\u00f3n debe respetar el m\u00e9todo cient\u00edfico, as\u00ed como las instrucciones establecidas en los \u201cM\u00e9todos de participaci\u00f3n en un proyecto de investigaci\u00f3n\u201d.<\/li><li>Las referencias deben agregarse al final del proyecto de investigaci\u00f3n.<\/li><li>Los proyectos de investigaci\u00f3n se presentar\u00e1n en el sitio web de la Conferencia Internacional de Traducci\u00f3n.<\/li><li>Todos los proyectos de investigaci\u00f3n pueden cancelarse a menos que los investigadores asistan a la conferencia y presenten sus documentos de trabajo.<\/li><li>Para ser evaluados y colocados en la agenda de la conferencia, los trabajos de investigaci\u00f3n y trabajo deben enviarse antes de la fecha l\u00edmite establecida.<\/li><li>Todos los proyectos de investigaci\u00f3n pueden cancelarse a menos que los investigadores asistan a la conferencia y presenten sus documentos de trabajo.<\/li><li>Al finalizar la conferencia, el investigador recibe un certificado de asistencia y participaci\u00f3n.<\/li><\/ul>\t\t\t\t\t\t\t\t<\/div>\n\t\t\t\t<\/div>\n\t\t\t\t\t<\/div>\n\t\t<\/div>\n\t\t\t\t\t<\/div>\n\t\t<\/section>\n\t\t\t\t<\/div>","protected":false},"excerpt":{"rendered":"<p>Procedures of Research Submission Research papers shall be free of language mistakes. In order to be evaluated and added to the conference agenda, research and working papers shall be submitted by the stated deadline. The research paper shall not exceed 15 pages with font size (14). Research papers and studies shall respect the scientific method [&hellip;]<\/p>\n","protected":false},"author":1,"featured_media":0,"parent":0,"menu_order":0,"comment_status":"closed","ping_status":"closed","template":"elementor_header_footer","meta":{"footnotes":""},"class_list":["post-252","page","type-page","status-publish","hentry","entry"],"_links":{"self":[{"href":"https:\/\/translationunion.org\/es\/wp-json\/wp\/v2\/pages\/252","targetHints":{"allow":["GET"]}}],"collection":[{"href":"https:\/\/translationunion.org\/es\/wp-json\/wp\/v2\/pages"}],"about":[{"href":"https:\/\/translationunion.org\/es\/wp-json\/wp\/v2\/types\/page"}],"author":[{"embeddable":true,"href":"https:\/\/translationunion.org\/es\/wp-json\/wp\/v2\/users\/1"}],"replies":[{"embeddable":true,"href":"https:\/\/translationunion.org\/es\/wp-json\/wp\/v2\/comments?post=252"}],"version-history":[{"count":4,"href":"https:\/\/translationunion.org\/es\/wp-json\/wp\/v2\/pages\/252\/revisions"}],"predecessor-version":[{"id":459,"href":"https:\/\/translationunion.org\/es\/wp-json\/wp\/v2\/pages\/252\/revisions\/459"}],"wp:attachment":[{"href":"https:\/\/translationunion.org\/es\/wp-json\/wp\/v2\/media?parent=252"}],"curies":[{"name":"wp","href":"https:\/\/api.w.org\/{rel}","templated":true}]}}