{"id":232,"date":"2021-05-04T14:58:01","date_gmt":"2021-05-04T11:58:01","guid":{"rendered":"https:\/\/translationunion.org\/?page_id=232"},"modified":"2021-05-05T12:47:21","modified_gmt":"2021-05-05T09:47:21","slug":"honoring-distinguished-research-papers","status":"publish","type":"page","link":"https:\/\/translationunion.org\/es\/honoring-distinguished-research-papers\/","title":{"rendered":"Primios de honor para los mejores proyectos de investigaci\u00f3n"},"content":{"rendered":"<div data-elementor-type=\"wp-page\" data-elementor-id=\"232\" class=\"elementor elementor-232\" data-elementor-post-type=\"page\">\n\t\t\t\t\t\t<section class=\"elementor-section elementor-top-section elementor-element elementor-element-e95f1ef elementor-section-full_width elementor-section-height-default elementor-section-height-default\" data-id=\"e95f1ef\" data-element_type=\"section\" data-e-type=\"section\" data-settings=\"{&quot;background_background&quot;:&quot;classic&quot;}\">\n\t\t\t\t\t\t\t<div class=\"elementor-background-overlay\"><\/div>\n\t\t\t\t\t\t\t<div class=\"elementor-container elementor-column-gap-default\">\n\t\t\t\t\t<div class=\"elementor-column elementor-col-100 elementor-top-column elementor-element elementor-element-fc1878a\" data-id=\"fc1878a\" data-element_type=\"column\" data-e-type=\"column\" data-settings=\"{&quot;background_background&quot;:&quot;classic&quot;}\">\n\t\t\t<div class=\"elementor-widget-wrap elementor-element-populated\">\n\t\t\t\t\t\t<div class=\"elementor-element elementor-element-5a6dd69 elementor-align-center elementor-icon-list--layout-traditional elementor-list-item-link-full_width elementor-widget elementor-widget-icon-list\" data-id=\"5a6dd69\" data-element_type=\"widget\" data-e-type=\"widget\" data-widget_type=\"icon-list.default\">\n\t\t\t\t<div class=\"elementor-widget-container\">\n\t\t\t\t\t\t\t<ul class=\"elementor-icon-list-items\">\n\t\t\t\t\t\t\t<li class=\"elementor-icon-list-item\">\n\t\t\t\t\t\t\t\t\t\t<span class=\"elementor-icon-list-text\">Primios de honor para los mejores proyectos de investigaci\u00f3n<\/span>\n\t\t\t\t\t\t\t\t\t<\/li>\n\t\t\t\t\t\t<\/ul>\n\t\t\t\t\t\t<\/div>\n\t\t\t\t<\/div>\n\t\t\t\t\t<\/div>\n\t\t<\/div>\n\t\t\t\t\t<\/div>\n\t\t<\/section>\n\t\t\t\t<section class=\"elementor-section elementor-top-section elementor-element elementor-element-a64a1dc elementor-section-boxed elementor-section-height-default elementor-section-height-default\" data-id=\"a64a1dc\" data-element_type=\"section\" data-e-type=\"section\" data-settings=\"{&quot;background_background&quot;:&quot;classic&quot;}\">\n\t\t\t\t\t\t\t<div class=\"elementor-background-overlay\"><\/div>\n\t\t\t\t\t\t\t<div class=\"elementor-container elementor-column-gap-default\">\n\t\t\t\t\t<div class=\"elementor-column elementor-col-100 elementor-top-column elementor-element elementor-element-28a62f2\" data-id=\"28a62f2\" data-element_type=\"column\" data-e-type=\"column\" data-settings=\"{&quot;background_background&quot;:&quot;classic&quot;}\">\n\t\t\t<div class=\"elementor-widget-wrap elementor-element-populated\">\n\t\t\t\t\t\t<div class=\"elementor-element elementor-element-d98941d elementor-widget elementor-widget-text-editor\" data-id=\"d98941d\" data-element_type=\"widget\" data-e-type=\"widget\" data-widget_type=\"text-editor.default\">\n\t\t\t\t<div class=\"elementor-widget-container\">\n\t\t\t\t\t\t\t\t\t<p><strong>El objetivo de los premios honor\u00edficos<\/strong><\/p><p><strong><u>La conferencia premia proyectos de investigaci\u00f3n distinguidos para:<\/u><\/strong><\/p><ul><li>Alentar a los investigadores y crear una competencia cient\u00edfica entre ellos, para incentivarlos a presentar investigaciones cient\u00edficas.<\/li><li>Estudiar otros temas importantes relacionados con la traducci\u00f3n multiling\u00fce y especializada.<\/li><li>Desarrollar mecanismos y programas de idiomas y traducci\u00f3n, identificar los desaf\u00edos que enfrentan los traductores y proponer las soluciones adecuadas.<\/li><li>Mejorar la pedagog\u00eda de los idiomas y de la traducci\u00f3n en las universidades.<\/li><li>Promover los idiomas y la traducci\u00f3n en diversos campos, incluidos la ciencia, el conocimiento, las profesiones, las tecnolog\u00edas, las industrias modernas, el comercio y otros campos vitales.<\/li><li>Mejorar la calidad en el campo de los idiomas y de la traducci\u00f3n.<\/li><li>Fomentar la innovaci\u00f3n, el desarrollo y la modernizaci\u00f3n en el campo de los idiomas y de la traducci\u00f3n a trav\u00e9s de la investigaci\u00f3n moderna que aumenta la productividad de los   traductores y ling\u00fcistas  desde y hacia el idioma nacional.<\/li><\/ul><p><strong>Evaluaci\u00f3n<\/strong><\/p><ul><li>Todas las investigaciones, estudios, documentos de trabajo y proyectos presentados para discusi\u00f3n en la Conferencia est\u00e1n sujetos a evaluaci\u00f3n previa.<\/li><li>Los trabajos de investigaci\u00f3n y de trabajo presentados a la conferencia se clasifican seg\u00fan su tema.<\/li><li>Antes de su evaluaci\u00f3n, los proyectos de investigaci\u00f3n est\u00e1n sujetos a una segunda clasificaci\u00f3n por parte de expertos de acuerdo con las normas y directrices internas.<\/li><li>Los proyectos de investigaci\u00f3n se eligen con base en la mejor puntuaci\u00f3n y luego se env\u00edan a jueces externos acreditados por la Conferencia.<\/li><li>Tras la retroalimentaci\u00f3n de los jueces independientes, los informes ser\u00e1n evaluados y presentados al Comit\u00e9 de Honores para elegir los proyectos de investigaci\u00f3n distinguidos.<\/li><\/ul><p><strong>Premios honor\u00edficos<\/strong><\/p><p>En la ceremonia de clausura, la Conferencia da premios honor\u00edficos a los diez mejores proyectos de investigaci\u00f3n y los ganadores reciben un certificado de excelencia. Se podr\u00eda otorgar un premio financiero si hay un patrocinador para este valioso premio.<\/p>\t\t\t\t\t\t\t\t<\/div>\n\t\t\t\t<\/div>\n\t\t\t\t\t<\/div>\n\t\t<\/div>\n\t\t\t\t\t<\/div>\n\t\t<\/section>\n\t\t\t\t<\/div>","protected":false},"excerpt":{"rendered":"<p>Honoring distinguished research papers The Goal of Honoring Honoring distinguished research at the International Conference of Translation aims to: Encourage researchers and create a scientific competition among them in order to provide scientific research papers and studies. Study further important topics related to multilingual and specialized translation. Develop languages and translation mechanisms and curricula, identify [&hellip;]<\/p>\n","protected":false},"author":1,"featured_media":0,"parent":0,"menu_order":0,"comment_status":"closed","ping_status":"closed","template":"elementor_header_footer","meta":{"footnotes":""},"class_list":["post-232","page","type-page","status-publish","hentry","entry"],"_links":{"self":[{"href":"https:\/\/translationunion.org\/es\/wp-json\/wp\/v2\/pages\/232","targetHints":{"allow":["GET"]}}],"collection":[{"href":"https:\/\/translationunion.org\/es\/wp-json\/wp\/v2\/pages"}],"about":[{"href":"https:\/\/translationunion.org\/es\/wp-json\/wp\/v2\/types\/page"}],"author":[{"embeddable":true,"href":"https:\/\/translationunion.org\/es\/wp-json\/wp\/v2\/users\/1"}],"replies":[{"embeddable":true,"href":"https:\/\/translationunion.org\/es\/wp-json\/wp\/v2\/comments?post=232"}],"version-history":[{"count":4,"href":"https:\/\/translationunion.org\/es\/wp-json\/wp\/v2\/pages\/232\/revisions"}],"predecessor-version":[{"id":447,"href":"https:\/\/translationunion.org\/es\/wp-json\/wp\/v2\/pages\/232\/revisions\/447"}],"wp:attachment":[{"href":"https:\/\/translationunion.org\/es\/wp-json\/wp\/v2\/media?parent=232"}],"curies":[{"name":"wp","href":"https:\/\/api.w.org\/{rel}","templated":true}]}}