{"id":192,"date":"2021-05-04T14:55:03","date_gmt":"2021-05-04T11:55:03","guid":{"rendered":"https:\/\/translationunion.org\/?page_id=192"},"modified":"2021-05-05T08:16:39","modified_gmt":"2021-05-05T05:16:39","slug":"conference-participants","status":"publish","type":"page","link":"https:\/\/translationunion.org\/es\/conference-participants\/","title":{"rendered":"Participantes de la Conferencia"},"content":{"rendered":"<div data-elementor-type=\"wp-page\" data-elementor-id=\"192\" class=\"elementor elementor-192\" data-elementor-post-type=\"page\">\n\t\t\t\t\t\t<section class=\"elementor-section elementor-top-section elementor-element elementor-element-18261f3 elementor-section-full_width elementor-section-height-default elementor-section-height-default\" data-id=\"18261f3\" data-element_type=\"section\" data-e-type=\"section\" data-settings=\"{&quot;background_background&quot;:&quot;classic&quot;}\">\n\t\t\t\t\t\t\t<div class=\"elementor-background-overlay\"><\/div>\n\t\t\t\t\t\t\t<div class=\"elementor-container elementor-column-gap-default\">\n\t\t\t\t\t<div class=\"elementor-column elementor-col-100 elementor-top-column elementor-element elementor-element-98c913c\" data-id=\"98c913c\" data-element_type=\"column\" data-e-type=\"column\" data-settings=\"{&quot;background_background&quot;:&quot;classic&quot;}\">\n\t\t\t<div class=\"elementor-widget-wrap elementor-element-populated\">\n\t\t\t\t\t\t<div class=\"elementor-element elementor-element-f469dae elementor-align-center elementor-icon-list--layout-traditional elementor-list-item-link-full_width elementor-widget elementor-widget-icon-list\" data-id=\"f469dae\" data-element_type=\"widget\" data-e-type=\"widget\" data-widget_type=\"icon-list.default\">\n\t\t\t\t<div class=\"elementor-widget-container\">\n\t\t\t\t\t\t\t<ul class=\"elementor-icon-list-items\">\n\t\t\t\t\t\t\t<li class=\"elementor-icon-list-item\">\n\t\t\t\t\t\t\t\t\t\t<span class=\"elementor-icon-list-text\">Participantes de la Conferencia<\/span>\n\t\t\t\t\t\t\t\t\t<\/li>\n\t\t\t\t\t\t<\/ul>\n\t\t\t\t\t\t<\/div>\n\t\t\t\t<\/div>\n\t\t\t\t\t<\/div>\n\t\t<\/div>\n\t\t\t\t\t<\/div>\n\t\t<\/section>\n\t\t\t\t<section class=\"elementor-section elementor-top-section elementor-element elementor-element-7cae2ea elementor-section-boxed elementor-section-height-default elementor-section-height-default\" data-id=\"7cae2ea\" data-element_type=\"section\" data-e-type=\"section\" data-settings=\"{&quot;background_background&quot;:&quot;classic&quot;}\">\n\t\t\t\t\t\t\t<div class=\"elementor-background-overlay\"><\/div>\n\t\t\t\t\t\t\t<div class=\"elementor-container elementor-column-gap-default\">\n\t\t\t\t\t<div class=\"elementor-column elementor-col-100 elementor-top-column elementor-element elementor-element-e5b8fa8\" data-id=\"e5b8fa8\" data-element_type=\"column\" data-e-type=\"column\" data-settings=\"{&quot;background_background&quot;:&quot;classic&quot;}\">\n\t\t\t<div class=\"elementor-widget-wrap elementor-element-populated\">\n\t\t\t\t\t\t<div class=\"elementor-element elementor-element-5f65078 elementor-widget elementor-widget-text-editor\" data-id=\"5f65078\" data-element_type=\"widget\" data-e-type=\"widget\" data-widget_type=\"text-editor.default\">\n\t\t\t\t<div class=\"elementor-widget-container\">\n\t\t\t\t\t\t\t\t\t<ul><li>Profesores de idiomas y traducci\u00f3n de todo el mundo<\/li><li>Ling\u00fcistas  en los departamentos, escuelas y universidades<\/li><li>Traductores en los campos m\u00e9dicos, cient\u00edficos y t\u00e9cnicos<\/li><li>Estudiantes de idiomas y traducci\u00f3n de todo el mundo<\/li><li>Departamentos de idiomas y de traducci\u00f3n en escuelas y universidades de todo el mundo<\/li><li>Facultades de idiomas y traducci\u00f3n en todo el mundo<\/li><li>Sindicatos, sindicatos y asociaciones de idiomas y de traducci\u00f3n<\/li><li>Organizaciones nacionales, regionales e internacionales<\/li><li>Servicios de idiomas y traducci\u00f3n en organizaciones e instituciones gubernamentales nacionales, regionales e internacionales<\/li><li>Las personas interesadas en los idoimas y traducci\u00f3n comercial, industrial, t\u00e9cnica, m\u00e9dica, de medios y m\u00e1s.<\/li><li>Empresas e instituciones especializadas en idiomas y traducci\u00f3n<\/li><li>Motores de b\u00fasqueda internacionales<\/li><li>Idiomas y traducci\u00f3n cient\u00edfica<\/li><li>Editoras interesadas en los idiomas y la traducci\u00f3n<\/li><\/ul>\t\t\t\t\t\t\t\t<\/div>\n\t\t\t\t<\/div>\n\t\t\t\t\t<\/div>\n\t\t<\/div>\n\t\t\t\t\t<\/div>\n\t\t<\/section>\n\t\t\t\t<\/div>","protected":false},"excerpt":{"rendered":"<p>Conference participants Languages and translation instructors from universities around the world Linguists in departments, schools and universities Translators in the medical, scientific and technical fields Languages and translation students in colleges and universities from different countries of the world Languages and translation departments in schools and universities throughout the world Translation students from colleges and [&hellip;]<\/p>\n","protected":false},"author":1,"featured_media":0,"parent":0,"menu_order":0,"comment_status":"closed","ping_status":"closed","template":"elementor_header_footer","meta":{"footnotes":""},"class_list":["post-192","page","type-page","status-publish","hentry","entry"],"_links":{"self":[{"href":"https:\/\/translationunion.org\/es\/wp-json\/wp\/v2\/pages\/192","targetHints":{"allow":["GET"]}}],"collection":[{"href":"https:\/\/translationunion.org\/es\/wp-json\/wp\/v2\/pages"}],"about":[{"href":"https:\/\/translationunion.org\/es\/wp-json\/wp\/v2\/types\/page"}],"author":[{"embeddable":true,"href":"https:\/\/translationunion.org\/es\/wp-json\/wp\/v2\/users\/1"}],"replies":[{"embeddable":true,"href":"https:\/\/translationunion.org\/es\/wp-json\/wp\/v2\/comments?post=192"}],"version-history":[{"count":4,"href":"https:\/\/translationunion.org\/es\/wp-json\/wp\/v2\/pages\/192\/revisions"}],"predecessor-version":[{"id":328,"href":"https:\/\/translationunion.org\/es\/wp-json\/wp\/v2\/pages\/192\/revisions\/328"}],"wp:attachment":[{"href":"https:\/\/translationunion.org\/es\/wp-json\/wp\/v2\/media?parent=192"}],"curies":[{"name":"wp","href":"https:\/\/api.w.org\/{rel}","templated":true}]}}