{"id":15,"date":"2021-04-29T10:43:49","date_gmt":"2021-04-29T07:43:49","guid":{"rendered":"https:\/\/translationunion.org\/?page_id=15"},"modified":"2021-08-04T11:16:34","modified_gmt":"2021-08-04T08:16:34","slug":"translation-projects-2","status":"publish","type":"page","link":"https:\/\/translationunion.org\/es\/translation-projects-2\/","title":{"rendered":"Proyectos de traducci\u00f3n"},"content":{"rendered":"<div data-elementor-type=\"wp-page\" data-elementor-id=\"15\" class=\"elementor elementor-15\" data-elementor-post-type=\"page\">\n\t\t\t\t\t\t<section class=\"elementor-section elementor-top-section elementor-element elementor-element-eff6744 elementor-section-full_width elementor-section-height-default elementor-section-height-default\" data-id=\"eff6744\" data-element_type=\"section\" data-e-type=\"section\" data-settings=\"{&quot;background_background&quot;:&quot;classic&quot;}\">\n\t\t\t\t\t\t<div class=\"elementor-container elementor-column-gap-default\">\n\t\t\t\t\t<div class=\"elementor-column elementor-col-100 elementor-top-column elementor-element elementor-element-66e41fb\" data-id=\"66e41fb\" data-element_type=\"column\" data-e-type=\"column\">\n\t\t\t<div class=\"elementor-widget-wrap elementor-element-populated\">\n\t\t\t\t\t\t<div class=\"elementor-element elementor-element-48ab058 elementor-widget elementor-widget-heading\" data-id=\"48ab058\" data-element_type=\"widget\" data-e-type=\"widget\" data-widget_type=\"heading.default\">\n\t\t\t\t<div class=\"elementor-widget-container\">\n\t\t\t\t\t<h2 class=\"elementor-heading-title elementor-size-default\">Proyectos de traducci\u00f3n<\/h2>\t\t\t\t<\/div>\n\t\t\t\t<\/div>\n\t\t\t\t\t<\/div>\n\t\t<\/div>\n\t\t\t\t\t<\/div>\n\t\t<\/section>\n\t\t\t\t<section class=\"elementor-section elementor-top-section elementor-element elementor-element-f72de54 elementor-section-boxed elementor-section-height-default elementor-section-height-default\" data-id=\"f72de54\" data-element_type=\"section\" data-e-type=\"section\" data-settings=\"{&quot;background_background&quot;:&quot;classic&quot;}\">\n\t\t\t\t\t\t\t<div class=\"elementor-background-overlay\"><\/div>\n\t\t\t\t\t\t\t<div class=\"elementor-container elementor-column-gap-default\">\n\t\t\t\t\t<div class=\"elementor-column elementor-col-100 elementor-top-column elementor-element elementor-element-9d9e0bf\" data-id=\"9d9e0bf\" data-element_type=\"column\" data-e-type=\"column\" data-settings=\"{&quot;background_background&quot;:&quot;classic&quot;}\">\n\t\t\t<div class=\"elementor-widget-wrap elementor-element-populated\">\n\t\t\t\t\t\t<div class=\"elementor-element elementor-element-69e0e40 elementor-widget elementor-widget-text-editor\" data-id=\"69e0e40\" data-element_type=\"widget\" data-e-type=\"widget\" data-widget_type=\"text-editor.default\">\n\t\t\t\t<div class=\"elementor-widget-container\">\n\t\t\t\t\t\t\t\t\t<ul><li>La Uni\u00f3n Internacional de Idiomas y Traducci\u00f3n tiene como objetivo implementar una serie de proyectos en cooperaci\u00f3n con instituciones, individuos y miembros.<\/li><li>La Uni\u00f3n fomenta la cooperaci\u00f3n con instituciones p\u00fablicas y privadas que deseen implementar proyectos conjuntos en el \u00e1mbito de las lenguas y la traducci\u00f3n.<\/li><li>La Uni\u00f3n fomenta iniciativas y proyectos de miembros y otros<\/li><\/ul>\t\t\t\t\t\t\t\t<\/div>\n\t\t\t\t<\/div>\n\t\t\t\t\t<\/div>\n\t\t<\/div>\n\t\t\t\t\t<\/div>\n\t\t<\/section>\n\t\t\t\t<\/div>","protected":false},"excerpt":{"rendered":"<p>Translation projects The International Union for Languages and Translation works on the implementation of a number of projects in cooperation with institutions, individuals and members. The Union welcomes cooperation with governmental and private institutions that wish to implement joint projects in the field of languages and translation The Union welcomes initiatives and projects by members [&hellip;]<\/p>\n","protected":false},"author":1,"featured_media":0,"parent":0,"menu_order":0,"comment_status":"closed","ping_status":"closed","template":"elementor_header_footer","meta":{"footnotes":""},"class_list":["post-15","page","type-page","status-publish","hentry","entry"],"_links":{"self":[{"href":"https:\/\/translationunion.org\/es\/wp-json\/wp\/v2\/pages\/15","targetHints":{"allow":["GET"]}}],"collection":[{"href":"https:\/\/translationunion.org\/es\/wp-json\/wp\/v2\/pages"}],"about":[{"href":"https:\/\/translationunion.org\/es\/wp-json\/wp\/v2\/types\/page"}],"author":[{"embeddable":true,"href":"https:\/\/translationunion.org\/es\/wp-json\/wp\/v2\/users\/1"}],"replies":[{"embeddable":true,"href":"https:\/\/translationunion.org\/es\/wp-json\/wp\/v2\/comments?post=15"}],"version-history":[{"count":103,"href":"https:\/\/translationunion.org\/es\/wp-json\/wp\/v2\/pages\/15\/revisions"}],"predecessor-version":[{"id":1343,"href":"https:\/\/translationunion.org\/es\/wp-json\/wp\/v2\/pages\/15\/revisions\/1343"}],"wp:attachment":[{"href":"https:\/\/translationunion.org\/es\/wp-json\/wp\/v2\/media?parent=15"}],"curies":[{"name":"wp","href":"https:\/\/api.w.org\/{rel}","templated":true}]}}